{"id":11,"date":"2012-12-02T03:47:49","date_gmt":"2012-12-02T03:47:49","guid":{"rendered":"https:\/\/2013.mexico.wordcamp.org\/?page_id=11"},"modified":"2012-12-11T05:45:32","modified_gmt":"2012-12-11T05:45:32","slug":"acerca","status":"publish","type":"page","link":"https:\/\/mexico.wordcamp.org\/2013\/acerca\/","title":{"rendered":"Acerca"},"content":{"rendered":"<p>Los WordCamps son eventos y reuniones informales sobre todo lo relacionado a WordPress bas\u00e1ndose en el formato BarCamp, donde los asistentes tienen la oportunidad de ser ponentes.<\/p>\n<p>WordCamp M\u00e9xico re\u00fane a la comunidad de WordPress en M\u00e9xico. Todos, desde usuarios hasta desarrolladores se conocen, participan y comparten ideas.<\/p>\n<p>Anteriormente ubicado en wordcamp.org.mx, WordCamp M\u00e9xico publica ahora desde WordCamp Central (donde te encuentras ahora), con la oportunidad de gestionar mejor los eventos de la comunidad.<\/p>\n<p>La nomenclatura propuesta para las reuniones es [a\u00f1o].[mes], por ejemplo: 2013.Enero<\/p>\n","protected":false},"excerpt":{"rendered":"<p>Los WordCamps son eventos y reuniones informales sobre todo lo relacionado a WordPress bas\u00e1ndose en el formato BarCamp, donde los asistentes tienen la oportunidad de ser ponentes. WordCamp M\u00e9xico re\u00fane a la comunidad de WordPress en M\u00e9xico. Todos, desde usuarios &hellip; <a href=\"https:\/\/mexico.wordcamp.org\/2013\/acerca\/\">Sigue leyendo <span class=\"screen-reader-text\">Acerca<\/span>  <span class=\"meta-nav\">&rarr;<\/span><\/a><\/p>\n","protected":false},"author":6402475,"featured_media":0,"parent":0,"menu_order":0,"comment_status":"open","ping_status":"open","template":"","meta":{"jetpack_post_was_ever_published":false,"footnotes":""},"class_list":["post-11","page","type-page","status-publish","hentry"],"jetpack_sharing_enabled":true,"jetpack_shortlink":"https:\/\/wp.me\/P2W89H-b","_links":{"self":[{"href":"https:\/\/mexico.wordcamp.org\/2013\/wp-json\/wp\/v2\/pages\/11","targetHints":{"allow":["GET"]}}],"collection":[{"href":"https:\/\/mexico.wordcamp.org\/2013\/wp-json\/wp\/v2\/pages"}],"about":[{"href":"https:\/\/mexico.wordcamp.org\/2013\/wp-json\/wp\/v2\/types\/page"}],"author":[{"embeddable":true,"href":"https:\/\/mexico.wordcamp.org\/2013\/wp-json\/wp\/v2\/users\/6402475"}],"replies":[{"embeddable":true,"href":"https:\/\/mexico.wordcamp.org\/2013\/wp-json\/wp\/v2\/comments?post=11"}],"version-history":[{"count":3,"href":"https:\/\/mexico.wordcamp.org\/2013\/wp-json\/wp\/v2\/pages\/11\/revisions"}],"predecessor-version":[{"id":16,"href":"https:\/\/mexico.wordcamp.org\/2013\/wp-json\/wp\/v2\/pages\/11\/revisions\/16"}],"wp:attachment":[{"href":"https:\/\/mexico.wordcamp.org\/2013\/wp-json\/wp\/v2\/media?parent=11"}],"curies":[{"name":"wp","href":"https:\/\/api.w.org\/{rel}","templated":true}]}}