{"id":10,"date":"2015-05-05T23:34:08","date_gmt":"2015-05-05T23:34:08","guid":{"rendered":"https:\/\/2015.mexico.wordcamp.org\/organizers\/"},"modified":"2015-07-29T18:53:12","modified_gmt":"2015-07-29T23:53:12","slug":"organizers","status":"publish","type":"page","link":"https:\/\/mexico.wordcamp.org\/2015\/organizers\/","title":{"rendered":"Organizadores"},"content":{"rendered":"<p>El equipo de organizadores de este WordCamp edici\u00f3n 2015 que se llevar\u00e1 a cabo en la Ciudad de M\u00e9xico, estamos 100% dedicados a que este evento sea un \u00e9xito, y si tienes cualquier duda, puedes contactarnos y con mucho gusto te contestaremos:<\/p>\n\t<div class=\"wcorg-organizers\">\n\n\t\t\n\t\t\t<div class=\"wcorg-organizer\">\n\t\t\t\t<h2>Adri\u00e1n<\/h2>\n\t\t\t\t<div class=\"wcorg-organizer-description\">\n\t\t\t\t\t\t\t\t\t\t<img alt='' src='https:\/\/secure.gravatar.com\/avatar\/aa6ed4fa722606301782abc92a8ea5332d3954fb11e6c6908c0fcad46da59c11?s=100&#038;d=mm&#038;r=g' srcset='https:\/\/secure.gravatar.com\/avatar\/aa6ed4fa722606301782abc92a8ea5332d3954fb11e6c6908c0fcad46da59c11?s=200&#038;d=mm&#038;r=g 2x' class='avatar avatar-100 photo' height='100' width='100' \/>\t\t\t\t\t<div><span style=\"color: #141412;font-family: 'Source Sans Pro', Helvetica, sans-serif\">Es ex-investigador de las Naciones Unidas. En la Universidad \u00a0aprendi\u00f3 a programar con un especial afecto por el desarrollo web y la organizaci\u00f3n detallada del c\u00f3digo. Fund\u00f3 y actualmente dirige Dreams Engine, agencia de producci\u00f3n digital. Y este a\u00f1o, como todos los a\u00f1os, planea retirarse en el siguiente.<\/span><\/div>\n<p>&nbsp;<\/p>\n\t\t\t\t<\/div>\n\t\t\t<\/div>\n\n\t\t\n\t\t\t<div class=\"wcorg-organizer\">\n\t\t\t\t<h2>Ricardo<\/h2>\n\t\t\t\t<div class=\"wcorg-organizer-description\">\n\t\t\t\t\t\t\t\t\t\t<img alt='' src='https:\/\/secure.gravatar.com\/avatar\/a567e614662df8a573e18197424d31187e15a1167328a570914b0bd9532a4e63?s=100&#038;d=mm&#038;r=g' srcset='https:\/\/secure.gravatar.com\/avatar\/a567e614662df8a573e18197424d31187e15a1167328a570914b0bd9532a4e63?s=200&#038;d=mm&#038;r=g 2x' class='avatar avatar-100 photo' height='100' width='100' \/>\t\t\t\t\t<p>Ricardo es entusiasta de muchas disciplinas pero experto en ninguna. Hace como que trabaja en fotograf\u00eda, dise\u00f1o y programaci\u00f3n. Actualmente sostiene el t\u00edtulo de gerente de soporte y conserje en <a href=\"http:\/\/graphpaperpress.com\" target=\"_blank\">Graph Paper Press<\/a>.<\/p>\n\t\t\t\t<\/div>\n\t\t\t<\/div>\n\n\t\t\n\t\t\t<div class=\"wcorg-organizer\">\n\t\t\t\t<h2>Jennifer<\/h2>\n\t\t\t\t<div class=\"wcorg-organizer-description\">\n\t\t\t\t\t\t\t\t\t\t<img alt='' src='https:\/\/secure.gravatar.com\/avatar\/9ada5b2159fa4cbb629f911f6ab4d4e9904760144940982a8515b114082a9194?s=100&#038;d=mm&#038;r=g' srcset='https:\/\/secure.gravatar.com\/avatar\/9ada5b2159fa4cbb629f911f6ab4d4e9904760144940982a8515b114082a9194?s=200&#038;d=mm&#038;r=g 2x' class='avatar avatar-100 photo' height='100' width='100' \/>\t\t\t\t\t<p>Directora de producci\u00f3n en Residencia. Amante de la astrof\u00edsica y el espacio exterior; si pudiera me ir\u00eda en la misi\u00f3n MarsOne a conocer el Marte. Me dedico al desarrollo y la coordinaci\u00f3n de proyectos de software enfocado a la publicidad, social listening y la investigaci\u00f3n de mercados. B\u00fascame en Twitter como <a href=\"https:\/\/twitter.com\/La_JennyLove\" target=\"_blank\">@La_JennyLove<\/a>.<\/p>\n\t\t\t\t<\/div>\n\t\t\t<\/div>\n\n\t\t\n\t\t\t<div class=\"wcorg-organizer\">\n\t\t\t\t<h2>Daffinc<\/h2>\n\t\t\t\t<div class=\"wcorg-organizer-description\">\n\t\t\t\t\t\t\t\t\t\t<img alt='' src='https:\/\/secure.gravatar.com\/avatar\/9c9e3f49e19d095e8b2a26ed98a011156eae54e14dc3f3bcff7f89865feb0a3c?s=100&#038;d=mm&#038;r=g' srcset='https:\/\/secure.gravatar.com\/avatar\/9c9e3f49e19d095e8b2a26ed98a011156eae54e14dc3f3bcff7f89865feb0a3c?s=200&#038;d=mm&#038;r=g 2x' class='avatar avatar-100 photo' height='100' width='100' \/>\t\t\t\t\t<p>Dise\u00f1adora textil e interactiva, con un diplomado en Dise\u00f1o y construcci\u00f3n de sitios web. Apasionada de WordPress, de la usabilidad de los sitios y el SEO. Trabajo como programadora de tiempo completo en una agencia y soy bloguera en un sitio personal, como hobbie en <a href=\"http:\/\/tipsdemadre.com\" target=\"_blank\">tipsdemadre.com<\/a><\/p>\n\t\t\t\t<\/div>\n\t\t\t<\/div>\n\n\t\t\n\t\t\t<div class=\"wcorg-organizer\">\n\t\t\t\t<h2>Victor<\/h2>\n\t\t\t\t<div class=\"wcorg-organizer-description\">\n\t\t\t\t\t\t\t\t\t\t<img alt='' src='https:\/\/secure.gravatar.com\/avatar\/35427f73a839aa19894eef0ee693ee8e5653fa4084a6337ecd3d8591f79c40cc?s=100&#038;d=mm&#038;r=g' srcset='https:\/\/secure.gravatar.com\/avatar\/35427f73a839aa19894eef0ee693ee8e5653fa4084a6337ecd3d8591f79c40cc?s=200&#038;d=mm&#038;r=g 2x' class='avatar avatar-100 photo' height='100' width='100' \/>\t\t\t\t\t<p>Desarrollo paginas web con WordPress y Genesis Framework en <a href=\"http:\/\/victorags.com\/\" target=\"_blank\" rel=\"nofollow\">VictorAGS.com<\/a>, predicador de Genesis en mi canal de youtube donde puedes encontrar incre\u00edbles tutoriales . Parte de los organizadores de los meetups mensuales de WordPress M\u00e9xico. Beisbolista frustrado , amante del Jazz,ska,Northern soul y reggae.<\/p>\n\t\t\t\t<\/div>\n\t\t\t<\/div>\n\n\t\t\n\t\t\t<div class=\"wcorg-organizer\">\n\t\t\t\t<h2>Pablo<\/h2>\n\t\t\t\t<div class=\"wcorg-organizer-description\">\n\t\t\t\t\t\t\t\t\t\t<img alt='' src='https:\/\/secure.gravatar.com\/avatar\/50a3d815ba39eb9216562330d71fcab032994d2400161bc3c5f13869da287525?s=100&#038;d=mm&#038;r=g' srcset='https:\/\/secure.gravatar.com\/avatar\/50a3d815ba39eb9216562330d71fcab032994d2400161bc3c5f13869da287525?s=200&#038;d=mm&#038;r=g 2x' class='avatar avatar-100 photo' height='100' width='100' \/>\t\t\t\t\t<p>Emprendedor y Marketero, Fundador de una empresa dedicada al Mobile Advertising  <a href=\"http:\/\/www.gimoti.com\/\" target=\"_blank\">Gimoti<\/a>, ha trabajado en proyectos de SEO para grandes negocios digitales como Linio LATAM, eBay, Vivanuncios, Walmart entre otros. Es miembro activo de la comunidad WordPress M\u00e9xico, encu\u00e9ntralo en twitter como <a href=\"https:\/\/twitter.com\/phartell\" target=\"_blank\">@phartell<\/a><\/p>\n\t\t\t\t<\/div>\n\t\t\t<\/div>\n\n\t\t\n\t<\/div><!-- .wcorg-organizers -->\n\t\n<hr>\n<h3>Agradecimientos<\/h3>\n<p>Tambi\u00e9n tenemos una menci\u00f3n especial a nuestro mentor <strong>Richard Archambault<\/strong> que reside en Montreal y organiza el\u00a0WordCamp de dicha ciudad; y nos ha ayudado a llevar todo el evento a cabo.<\/p>\n<p>As\u00ed como a<strong> C\u00e9sar Santill\u00e1n,<\/strong> el dise\u00f1ador gr\u00e1fico, que hizo posible el look n&#8217; feel\u00a0de esta p\u00e1gina web, con el fin de lograr una excelente organizaci\u00f3n.<\/p>\n","protected":false},"excerpt":{"rendered":"<p>El equipo de organizadores de este WordCamp edici\u00f3n 2015 que se llevar\u00e1 a cabo en la Ciudad de M\u00e9xico, estamos 100% dedicados a que este evento sea un \u00e9xito, y si tienes cualquier duda, puedes contactarnos y con mucho gusto te contestaremos: Agradecimientos Tambi\u00e9n tenemos una menci\u00f3n especial a nuestro mentor Richard Archambault que reside &hellip; <a href=\"https:\/\/mexico.wordcamp.org\/2015\/organizer\/pablo\/\" class=\"more-link\">Seguir leyendo <span class=\"screen-reader-text\">Pablo<\/span> <span class=\"meta-nav\">&rarr;<\/span><\/a><\/p>\n","protected":false},"author":128442,"featured_media":0,"parent":0,"menu_order":0,"comment_status":"open","ping_status":"open","template":"","meta":{"_crdt_document":"","jetpack_post_was_ever_published":false,"footnotes":""},"class_list":["post-10","page","type-page","status-publish","hentry"],"jetpack_sharing_enabled":true,"jetpack_shortlink":"https:\/\/wp.me\/P69eUF-a","_links":{"self":[{"href":"https:\/\/mexico.wordcamp.org\/2015\/wp-json\/wp\/v2\/pages\/10","targetHints":{"allow":["GET"]}}],"collection":[{"href":"https:\/\/mexico.wordcamp.org\/2015\/wp-json\/wp\/v2\/pages"}],"about":[{"href":"https:\/\/mexico.wordcamp.org\/2015\/wp-json\/wp\/v2\/types\/page"}],"author":[{"embeddable":true,"href":"https:\/\/mexico.wordcamp.org\/2015\/wp-json\/wp\/v2\/users\/128442"}],"replies":[{"embeddable":true,"href":"https:\/\/mexico.wordcamp.org\/2015\/wp-json\/wp\/v2\/comments?post=10"}],"version-history":[{"count":10,"href":"https:\/\/mexico.wordcamp.org\/2015\/wp-json\/wp\/v2\/pages\/10\/revisions"}],"predecessor-version":[{"id":220,"href":"https:\/\/mexico.wordcamp.org\/2015\/wp-json\/wp\/v2\/pages\/10\/revisions\/220"}],"wp:attachment":[{"href":"https:\/\/mexico.wordcamp.org\/2015\/wp-json\/wp\/v2\/media?parent=10"}],"curies":[{"name":"wp","href":"https:\/\/api.w.org\/{rel}","templated":true}]}}