{"id":137,"date":"2015-07-17T17:38:40","date_gmt":"2015-07-17T22:38:40","guid":{"rendered":"https:\/\/2015.mexico.wordcamp.org\/?page_id=137"},"modified":"2015-09-14T16:05:32","modified_gmt":"2015-09-14T21:05:32","slug":"se-un-voluntario","status":"publish","type":"page","link":"https:\/\/mexico.wordcamp.org\/2015\/se-un-voluntario\/","title":{"rendered":"Voluntarios"},"content":{"rendered":"<p>Con tu ayuda, este evento ser\u00e1 un \u00e9xito.<\/p>\n<p><strong>El trabajo que desempe\u00f1an es esencial para la organizaci\u00f3n y elaboraci\u00f3n de este gran evento<\/strong>. Entre algunas de las funciones, se encuentra:<\/p>\n<ol>\n<li>el organizar todo el evento<\/li>\n<li>estar en la mesa de registro<\/li>\n<li>guiar a los asistentes<\/li>\n<li>apoyar a speakers en nuestros auditorios.<\/li>\n<\/ol>\n<h2>Confirmados<\/h2>\n<hr \/>\n<div class=\"voluntario\"><a href=\"https:\/\/2015.mexico.wordcamp.org\/files\/2015\/08\/agustin.jpg\"><img loading=\"lazy\" decoding=\"async\" class=\"alignnone size-full wp-image-255\" src=\"https:\/\/2015.mexico.wordcamp.org\/files\/2015\/08\/agustin.jpg\" alt=\"mariana\" width=\"130\" height=\"130\" \/><\/a><br \/>\n<strong>Agust\u00edn Herrera<\/strong><br \/>\nVoluntario organizador<\/div>\n<div class=\"voluntario\"><a href=\"https:\/\/2015.mexico.wordcamp.org\/files\/2015\/07\/mariana.jpg\"><img loading=\"lazy\" decoding=\"async\" class=\"alignnone size-full wp-image-255\" src=\"https:\/\/2015.mexico.wordcamp.org\/files\/2015\/07\/mariana.jpg\" alt=\"mariana\" width=\"130\" height=\"130\" \/><\/a><br \/>\n<strong>Mariana Rivera<\/strong><br \/>\nVoluntario organizador<\/div>\n<div class=\"voluntario\"><a href=\"https:\/\/2015.mexico.wordcamp.org\/files\/2015\/08\/pepe.jpg\"><img loading=\"lazy\" decoding=\"async\" class=\"alignnone size-full wp-image-255\" src=\"https:\/\/2015.mexico.wordcamp.org\/files\/2015\/08\/pepe.jpg\" alt=\"pepe\" width=\"130\" height=\"130\" \/><\/a><br \/>\n<strong>Jose Manuel L\u00f3pez<\/strong><br \/>\nVoluntario organizador<\/div>\n<div class=\"voluntario\"><a href=\"https:\/\/2015.mexico.wordcamp.org\/files\/2015\/08\/fer.jpg\"><img loading=\"lazy\" decoding=\"async\" class=\"alignnone size-full wp-image-255\" src=\"https:\/\/2015.mexico.wordcamp.org\/files\/2015\/08\/fer.jpg\" alt=\"fer\" width=\"130\" height=\"130\" \/><\/a><br \/>\n<strong>Fernanda Romero<\/strong><br \/>\nMesa de Registro<\/div>\n<div class=\"voluntario\"><a href=\"https:\/\/2015.mexico.wordcamp.org\/files\/2015\/08\/luis.jpg\"><img loading=\"lazy\" decoding=\"async\" class=\"alignnone size-full wp-image-255\" src=\"https:\/\/2015.mexico.wordcamp.org\/files\/2015\/08\/luis.jpg\" alt=\"luis\" width=\"130\" height=\"130\" \/><\/a><br \/>\n<strong>Luis Alberto Monta\u00f1o<\/strong><br \/>\nOrganizaci\u00f3n y apoyo a speakers<\/div>\n<div class=\"voluntario\"><a href=\"https:\/\/2015.mexico.wordcamp.org\/files\/2015\/08\/roberto.jpg\"><img loading=\"lazy\" decoding=\"async\" class=\"alignnone size-full wp-image-255\" src=\"https:\/\/2015.mexico.wordcamp.org\/files\/2015\/08\/roberto.jpg\" alt=\"roberto\" width=\"130\" height=\"130\" \/><\/a><br \/>\n<strong>Roberto Azrael<\/strong><br \/>\nApoyo a Speakers<\/div>\n<div class=\"voluntario\"><a href=\"https:\/\/2015.mexico.wordcamp.org\/files\/2015\/08\/isaac.jpg\"><img loading=\"lazy\" decoding=\"async\" class=\"alignnone size-full wp-image-255\" src=\"https:\/\/2015.mexico.wordcamp.org\/files\/2015\/08\/isaac.jpg\" alt=\"isaac\" width=\"130\" height=\"130\" \/><\/a><br \/>\n<strong>Isaac Bustillos<\/strong><br \/>\nApoyo a Speakers<\/div>\n<div class=\"voluntario\"><a href=\"https:\/\/2015.mexico.wordcamp.org\/files\/2015\/08\/angel.jpg\"><img loading=\"lazy\" decoding=\"async\" class=\"alignnone size-full wp-image-255\" src=\"https:\/\/2015.mexico.wordcamp.org\/files\/2015\/08\/angel.jpg\" alt=\"angel\" width=\"130\" height=\"130\" \/><\/a><br \/>\n<strong>Angel Rivera<\/strong><br \/>\nApoyo a Speakers<\/div>\n<div class=\"voluntario\"><a href=\"https:\/\/2015.mexico.wordcamp.org\/files\/2015\/09\/jose.jpg\"><img loading=\"lazy\" decoding=\"async\" class=\"alignnone size-full wp-image-255\" src=\"https:\/\/2015.mexico.wordcamp.org\/files\/2015\/09\/jose.jpg\" alt=\"fer\" width=\"130\" height=\"130\" \/><\/a><br \/>\n<strong>Jos\u00e9 Antonio Ordo\u00f1ez<\/strong><br \/>\nApoyo a Speakers<\/div>\n","protected":false},"excerpt":{"rendered":"<p>Con tu ayuda, este evento ser\u00e1 un \u00e9xito. El trabajo que desempe\u00f1an es esencial para la organizaci\u00f3n y elaboraci\u00f3n de este gran evento. Entre algunas de las funciones, se encuentra: el organizar todo el evento estar en la mesa de registro guiar a los asistentes apoyar a speakers en nuestros auditorios. Confirmados Agust\u00edn Herrera Voluntario &hellip; <a href=\"https:\/\/mexico.wordcamp.org\/2015\/se-un-voluntario\/\" class=\"more-link\">Seguir leyendo <span class=\"screen-reader-text\">Voluntarios<\/span> <span class=\"meta-nav\">&rarr;<\/span><\/a><\/p>\n","protected":false},"author":14441668,"featured_media":0,"parent":0,"menu_order":0,"comment_status":"open","ping_status":"open","template":"","meta":{"_crdt_document":"","jetpack_post_was_ever_published":false,"footnotes":""},"class_list":["post-137","page","type-page","status-publish","hentry"],"jetpack_sharing_enabled":true,"jetpack_shortlink":"https:\/\/wp.me\/P69eUF-2d","_links":{"self":[{"href":"https:\/\/mexico.wordcamp.org\/2015\/wp-json\/wp\/v2\/pages\/137","targetHints":{"allow":["GET"]}}],"collection":[{"href":"https:\/\/mexico.wordcamp.org\/2015\/wp-json\/wp\/v2\/pages"}],"about":[{"href":"https:\/\/mexico.wordcamp.org\/2015\/wp-json\/wp\/v2\/types\/page"}],"author":[{"embeddable":true,"href":"https:\/\/mexico.wordcamp.org\/2015\/wp-json\/wp\/v2\/users\/14441668"}],"replies":[{"embeddable":true,"href":"https:\/\/mexico.wordcamp.org\/2015\/wp-json\/wp\/v2\/comments?post=137"}],"version-history":[{"count":33,"href":"https:\/\/mexico.wordcamp.org\/2015\/wp-json\/wp\/v2\/pages\/137\/revisions"}],"predecessor-version":[{"id":466,"href":"https:\/\/mexico.wordcamp.org\/2015\/wp-json\/wp\/v2\/pages\/137\/revisions\/466"}],"wp:attachment":[{"href":"https:\/\/mexico.wordcamp.org\/2015\/wp-json\/wp\/v2\/media?parent=137"}],"curies":[{"name":"wp","href":"https:\/\/api.w.org\/{rel}","templated":true}]}}