{"id":6,"date":"2015-05-05T23:34:08","date_gmt":"2015-05-05T23:34:08","guid":{"rendered":"https:\/\/2015.mexico.wordcamp.org\/speakers\/"},"modified":"2015-10-13T17:26:41","modified_gmt":"2015-10-13T22:26:41","slug":"speakers","status":"publish","type":"page","link":"https:\/\/mexico.wordcamp.org\/2015\/speakers\/","title":{"rendered":"Speakers"},"content":{"rendered":"<p>Para este evento, hacemos el llamado a gente que conozca de WordPress; que se \u00a0apasione y est\u00e9 entusiasmado por informar a los asistentes, sobre las novedades de este CMS, sobre sus mejores pr\u00e1cticas, conocimientos y cualquier informaci\u00f3n que pueda servir a esta gran comunidad que est\u00e1 creciendo d\u00eda a d\u00eda.<\/p>\n<p>Las inscripciones\u00a0ya est\u00e1n cerradas, te invitamos a asistir este 6 de Noviembre.<\/p>\n<p>Vamos a contar con dos tracks, en el evento, en los cuales, uno estar\u00e1 definido por developers en WordPress avanzado, y otro por Bloggers, editores y marketing en WordPress.<\/p>\n<h2>Confirmados:<\/h2>\n<hr \/>\n\n\t<div class=\"wcorg-speakers\">\n\n\t\t\n\t\t\t<!-- Organizers note: The id attribute is deprecated and only remains for backwards compatibility, please use the corresponding class to target individual speakers -->\n\t\t\t<div id=\"wcorg-speaker-bruno-medina\" class=\"wcorg-speaker wcorg-speaker-bruno-medina\">\n\t\t\t\t<h2>\n\t\t\t\t\t\n\t\t\t\t\t\tBruno Medina Bola\u00f1os\n\t\t\t\t\t\t\t\t\t<\/h2>\n\n\t\t\t\t<div class=\"wcorg-speaker-description\">\n\t\t\t\t\t<img alt='' src='https:\/\/secure.gravatar.com\/avatar\/30232fd2c62ef2c27e6be011ebab7529cdf371833e644da4f1d7628f2df5e6fc?s=100&#038;d=mm&#038;r=g' srcset='https:\/\/secure.gravatar.com\/avatar\/30232fd2c62ef2c27e6be011ebab7529cdf371833e644da4f1d7628f2df5e6fc?s=200&#038;d=mm&#038;r=g 2x' class='avatar avatar-100 photo' height='100' width='100' \/>\t\t\t\t\t<p>Nos cuenta como configurar y levantar tu sitio web de WordPress a trav\u00e9s del portal de Azure . Tambi\u00e9n aprender\u00e1s a confirgurarlo para usar m\u00e1s galleta (autom\u00e1ticamente) cuando tu sitio sea trending Topic.<\/p>\n\t\t\t\t<\/div>\n\t\t\t<\/div>\n\n\t\t\n\t\t\t<!-- Organizers note: The id attribute is deprecated and only remains for backwards compatibility, please use the corresponding class to target individual speakers -->\n\t\t\t<div id=\"wcorg-speaker-pablo-herrada-artellano\" class=\"wcorg-speaker wcorg-speaker-pablo-herrada-artellano\">\n\t\t\t\t<h2>\n\t\t\t\t\t\n\t\t\t\t\t\tPablo Herrada Artellano\n\t\t\t\t\t\t\t\t\t<\/h2>\n\n\t\t\t\t<div class=\"wcorg-speaker-description\">\n\t\t\t\t\t<img alt='' src='https:\/\/secure.gravatar.com\/avatar\/50a3d815ba39eb9216562330d71fcab032994d2400161bc3c5f13869da287525?s=100&#038;d=mm&#038;r=g' srcset='https:\/\/secure.gravatar.com\/avatar\/50a3d815ba39eb9216562330d71fcab032994d2400161bc3c5f13869da287525?s=200&#038;d=mm&#038;r=g 2x' class='avatar avatar-100 photo' height='100' width='100' \/>\t\t\t\t\t<p>Director General del Gimoti &amp; International SEO Consultant<br \/>\n<strong>T\u00edtulo de la charla &#8211;<\/strong> SEO antes, durante y despues de tu sitio web<br \/>\nLa importancia de SEO para cualquier modelo de negocio, como aplicar antes, durante y despu\u00e9s de un lanzamiento web.\u00a0Mejores pr\u00e1cticas y recomendaciones t\u00e9cnicas, herramientas y forma de medici\u00f3n.<\/p>\n\t\t\t\t<\/div>\n\t\t\t<\/div>\n\n\t\t\n\t\t\t<!-- Organizers note: The id attribute is deprecated and only remains for backwards compatibility, please use the corresponding class to target individual speakers -->\n\t\t\t<div id=\"wcorg-speaker-richard-archambault\" class=\"wcorg-speaker wcorg-speaker-richard-archambault\">\n\t\t\t\t<h2>\n\t\t\t\t\t\n\t\t\t\t\t\tRichard Archambault\n\t\t\t\t\t\t\t\t\t<\/h2>\n\n\t\t\t\t<div class=\"wcorg-speaker-description\">\n\t\t\t\t\t<img alt='' src='https:\/\/secure.gravatar.com\/avatar\/96855b6fc001037e1ae449d489b91dd19a873ab1dae73b867f98400bbb2a5e9d?s=100&#038;d=mm&#038;r=g' srcset='https:\/\/secure.gravatar.com\/avatar\/96855b6fc001037e1ae449d489b91dd19a873ab1dae73b867f98400bbb2a5e9d?s=200&#038;d=mm&#038;r=g 2x' class='avatar avatar-100 photo' height='100' width='100' \/>\t\t\t\t\t<p>Colaborador en Jetpack Plugin, Automattic.<br \/>\n<strong>T\u00edtulo de la charla &#8211;<\/strong> C\u00f3mo mejorar tu sitio en WordPress<br \/>\nRichard ama la web y le apasiona WordPress. Despu\u00e9s de atender a su primer WordCamp en el a\u00f1o 2010, en Montreal, Canad\u00e1; qued\u00f3 enganchado. Ahora, es un ingeniero de la felicidad que trabaja\u00a0Automattic, Richard quiere ayudar a difundir las bondades de WordPress para cualquier otra persona que est\u00e9 interesado en la web. Cuando no est\u00e1 entreteni\u00e9ndose\u00a0con sus p\u00e1ginas\u00a0\u00a1le encanta ir a M\u00e9xico para comer tacos picantes y pasear en el metro!<\/p>\n\t\t\t\t<\/div>\n\t\t\t<\/div>\n\n\t\t\n\t\t\t<!-- Organizers note: The id attribute is deprecated and only remains for backwards compatibility, please use the corresponding class to target individual speakers -->\n\t\t\t<div id=\"wcorg-speaker-karen-arnold\" class=\"wcorg-speaker wcorg-speaker-karen-arnold\">\n\t\t\t\t<h2>\n\t\t\t\t\t\n\t\t\t\t\t\tKaren Arnold\n\t\t\t\t\t\t\t\t\t<\/h2>\n\n\t\t\t\t<div class=\"wcorg-speaker-description\">\n\t\t\t\t\t<img alt='' src='https:\/\/secure.gravatar.com\/avatar\/e41437c92d1ebdb226a8904fab493b3a5fc45aba0671547be8b39c707d9ba851?s=100&#038;d=mm&#038;r=g' srcset='https:\/\/secure.gravatar.com\/avatar\/e41437c92d1ebdb226a8904fab493b3a5fc45aba0671547be8b39c707d9ba851?s=200&#038;d=mm&#038;r=g 2x' class='avatar avatar-100 photo' height='100' width='100' \/>\t\t\t\t\t<p>Happiness Engineer en Automattic.<br \/>\n<strong>T\u00edtulo de la charla &#8211;<\/strong> Unete a la comunidad de WordPress: ser parte del movimiento<br \/>\nTrabaja diariamente asistiendo a usuarios de WordPress.com y tambien esta involucrada con la contratacion del equipo de soporte. Antes de unir a Automattic, trabajaba como dise\u00f1adora web en su propia empresa. Organiza el meetup de su ciudad y ha llevado el WordCamp en 2011, 2012, 2013 y pr\u00f3ximamente 2015.\u00a0Naci\u00f3 en Nicaragua, creci\u00f3 en Panam\u00e1, y vive actualmente en Albuquerque (Estados Unidos) con su esposo, cuatro hijos, tres gatos y diez gallinas.<br \/>\nTwitter: karenalma<\/p>\n\t\t\t\t<\/div>\n\t\t\t<\/div>\n\n\t\t\n\t\t\t<!-- Organizers note: The id attribute is deprecated and only remains for backwards compatibility, please use the corresponding class to target individual speakers -->\n\t\t\t<div id=\"wcorg-speaker-thad-allender\" class=\"wcorg-speaker wcorg-speaker-thad-allender\">\n\t\t\t\t<h2>\n\t\t\t\t\t\n\t\t\t\t\t\tThad Allender\n\t\t\t\t\t\t\t\t\t<\/h2>\n\n\t\t\t\t<div class=\"wcorg-speaker-description\">\n\t\t\t\t\t<img alt='' src='https:\/\/secure.gravatar.com\/avatar\/daf605b7e5d01b957a61bf4e5a2dd82e387583db4c2b1db4b9a6b80d37e11242?s=100&#038;d=mm&#038;r=g' srcset='https:\/\/secure.gravatar.com\/avatar\/daf605b7e5d01b957a61bf4e5a2dd82e387583db4c2b1db4b9a6b80d37e11242?s=200&#038;d=mm&#038;r=g 2x' class='avatar avatar-100 photo' height='100' width='100' \/>\t\t\t\t\t<p>Thad es el fundador de Theme.works y Graph Paper Press.<br \/>\n<strong>T\u00edtulo de la charla &#8211;<\/strong> Contruyendo temas con el WordPress Customizer.<br \/>\nAprende lo f\u00e1cil que es usar el customizer en tu tema y explora maneras de extender las funciones b\u00e1sicas para crear opciones m\u00e1s avanzadas.<\/p>\n\t\t\t\t<\/div>\n\t\t\t<\/div>\n\n\t\t\n\t\t\t<!-- Organizers note: The id attribute is deprecated and only remains for backwards compatibility, please use the corresponding class to target individual speakers -->\n\t\t\t<div id=\"wcorg-speaker-genaro-mejia\" class=\"wcorg-speaker wcorg-speaker-genaro-mejia\">\n\t\t\t\t<h2>\n\t\t\t\t\t\n\t\t\t\t\t\tGenaro Mej\u00eda\n\t\t\t\t\t\t\t\t\t<\/h2>\n\n\t\t\t\t<div class=\"wcorg-speaker-description\">\n\t\t\t\t\t<img alt='' src='https:\/\/secure.gravatar.com\/avatar\/9b74857e7a5936e441df8a0988ad323f49c57ed69fc574c1b766a3e24fb1752d?s=100&#038;d=mm&#038;r=g' srcset='https:\/\/secure.gravatar.com\/avatar\/9b74857e7a5936e441df8a0988ad323f49c57ed69fc574c1b766a3e24fb1752d?s=200&#038;d=mm&#038;r=g 2x' class='avatar avatar-100 photo' height='100' width='100' \/>\t\t\t\t\t<p>Director Editorial Digital<br \/>\nForbes M\u00e9xico<br \/>\n<strong>T\u00edtulo de la charla &#8211;<\/strong> WordPress: C\u00f3mo funciona una redacci\u00f3n millennial.<br \/>\nSe despierta con la realidad de las noticias y se duerme con las fantas\u00edas de los libros. Egresado de la UNAM, con una especialidad en Manejo de Redacciones Digitales por el Knight Center for Journalism. Ha trabajado en medios como El Economista, El Universal, El Financiero y la Revista Expansi\u00f3n.<\/p>\n\t\t\t\t<\/div>\n\t\t\t<\/div>\n\n\t\t\n\t\t\t<!-- Organizers note: The id attribute is deprecated and only remains for backwards compatibility, please use the corresponding class to target individual speakers -->\n\t\t\t<div id=\"wcorg-speaker-damian-contreras\" class=\"wcorg-speaker wcorg-speaker-damian-contreras\">\n\t\t\t\t<h2>\n\t\t\t\t\t\n\t\t\t\t\t\tDami\u00e1n Contreras\n\t\t\t\t\t\t\t\t\t<\/h2>\n\n\t\t\t\t<div class=\"wcorg-speaker-description\">\n\t\t\t\t\t<img alt='' src='https:\/\/secure.gravatar.com\/avatar\/b20fd1053b91d2268be9cf37cb9130916349a40597325e7198f82d87cf19f2be?s=100&#038;d=mm&#038;r=g' srcset='https:\/\/secure.gravatar.com\/avatar\/b20fd1053b91d2268be9cf37cb9130916349a40597325e7198f82d87cf19f2be?s=200&#038;d=mm&#038;r=g 2x' class='avatar avatar-100 photo' height='100' width='100' \/>\t\t\t\t\t<p>Desarrollador y experto en seguridad web.<br \/>\n<strong>T\u00edtulo de la charla &#8211;<\/strong> Performance y seguridad en WordPress.<br \/>\nInteresado en todo el ecosistema web, desde el frontend hasta el kernel de linux. Socio fundador de Amarello, consultora de software.<br \/>\nDescripci\u00f3n de la charla: Causas principales de bajo performance en WP y estrategias para mejorarlo. Vulnerabilidades principales en entornos WP, causas y recomendaciones para reducir riesgos.<\/p>\n\t\t\t\t<\/div>\n\t\t\t<\/div>\n\n\t\t\n\t\t\t<!-- Organizers note: The id attribute is deprecated and only remains for backwards compatibility, please use the corresponding class to target individual speakers -->\n\t\t\t<div id=\"wcorg-speaker-jennifer-martinez\" class=\"wcorg-speaker wcorg-speaker-jennifer-martinez\">\n\t\t\t\t<h2>\n\t\t\t\t\t\n\t\t\t\t\t\tJennifer Mart\u00ednez\n\t\t\t\t\t\t\t\t\t<\/h2>\n\n\t\t\t\t<div class=\"wcorg-speaker-description\">\n\t\t\t\t\t<img alt='' src='https:\/\/secure.gravatar.com\/avatar\/86c719be02087551dedaf36ea0c728e9118e8efea9cf1e1570201b1e9e89f4b0?s=100&#038;d=mm&#038;r=g' srcset='https:\/\/secure.gravatar.com\/avatar\/86c719be02087551dedaf36ea0c728e9118e8efea9cf1e1570201b1e9e89f4b0?s=200&#038;d=mm&#038;r=g 2x' class='avatar avatar-100 photo' height='100' width='100' \/>\t\t\t\t\t<p>CTO en Residencia y co-funder de SocialMediaLabs.<br \/>\n<strong>T\u00edtulo de la charla<\/strong> &#8211; WordPress presente y futuro<br \/>\nUna de las herramientas m\u00e1s exitosas de los \u00faltimos a\u00f1os es WordPress, la facilidad de uso y su capacidad de crecimiento lo han llevado a posicionarse como el CMS n\u00famero uno, pero \u00bfcu\u00e1l es el siguiente paso para no volverse obsoleto? \u00bfqu\u00e9 mejoras podr\u00edan implementarse? \u00bfcu\u00e1l es la competencia real que podr\u00eda tener pr\u00f3ximamente?<\/p>\n\t\t\t\t<\/div>\n\t\t\t<\/div>\n\n\t\t\n\t\t\t<!-- Organizers note: The id attribute is deprecated and only remains for backwards compatibility, please use the corresponding class to target individual speakers -->\n\t\t\t<div id=\"wcorg-speaker-diego-lerma\" class=\"wcorg-speaker wcorg-speaker-diego-lerma\">\n\t\t\t\t<h2>\n\t\t\t\t\t\n\t\t\t\t\t\tDiego Lerma\n\t\t\t\t\t\t\t\t\t<\/h2>\n\n\t\t\t\t<div class=\"wcorg-speaker-description\">\n\t\t\t\t\t<img alt='' src='https:\/\/secure.gravatar.com\/avatar\/6a9bbb2363a075c615ca0df58b02c2d044efc5a17f96626556a76db69c30939f?s=100&#038;d=mm&#038;r=g' srcset='https:\/\/secure.gravatar.com\/avatar\/6a9bbb2363a075c615ca0df58b02c2d044efc5a17f96626556a76db69c30939f?s=200&#038;d=mm&#038;r=g 2x' class='avatar avatar-100 photo' height='100' width='100' \/>\t\t\t\t\t<p>Co-organizador de la comunidad WordPress Per\u00fa.<br \/>\n<strong>T\u00edtulo de la charla &#8211;<\/strong> Growth Hacking con WP<br \/>\nSoy peruano, me encanta este CMS, pues no s\u00f3lo me ha ayudado en lo profesional en muchos de estos a\u00f1os sino que tambi\u00e9n he logrado conocer gente y expertos de diversos lugares y explorar diversas formas de usarlo.<br \/>\nLa experiencia de trabajo en diversos sectores de mi pa\u00eds, as\u00ed como de una buena parte en las mejores agencias de marketing digital me ha permitido abrir los ojos a nuevas oportunidades y posibilidades que brinda la tecnolog\u00eda.<\/p>\n\t\t\t\t<\/div>\n\t\t\t<\/div>\n\n\t\t\n\t\t\t<!-- Organizers note: The id attribute is deprecated and only remains for backwards compatibility, please use the corresponding class to target individual speakers -->\n\t\t\t<div id=\"wcorg-speaker-allan-vazquez\" class=\"wcorg-speaker wcorg-speaker-allan-vazquez\">\n\t\t\t\t<h2>\n\t\t\t\t\t\n\t\t\t\t\t\tAllan Van Der Tann\n\t\t\t\t\t\t\t\t\t<\/h2>\n\n\t\t\t\t<div class=\"wcorg-speaker-description\">\n\t\t\t\t\t<img alt='' src='https:\/\/secure.gravatar.com\/avatar\/ff84aa57361adae9586f729fcb778fd87e40b9a11ffefef390293e3eb138df74?s=100&#038;d=mm&#038;r=g' srcset='https:\/\/secure.gravatar.com\/avatar\/ff84aa57361adae9586f729fcb778fd87e40b9a11ffefef390293e3eb138df74?s=200&#038;d=mm&#038;r=g 2x' class='avatar avatar-100 photo' height='100' width='100' \/>\t\t\t\t\t<p>Egresado del ITESM CSF como Lic. en Administraci\u00f3n de TI&#8217;s<br \/>\n<strong>T\u00edtulo de la charla &#8211;<\/strong> La amplificaci\u00f3n del contenido<br \/>\nM\u00e1s de 5 a\u00f1os de experiencia en estrategia y publicidad digital, trabajando con marcas como Johnnie Walker, Ketel One, Secci\u00f3n Amarilla, La Huerta, Samsung, Danone, Toyota Racing, Nike Running y m\u00e1s.<br \/>\nProfesor en Diplomado de Digital Advertising en CENTRO<br \/>\nColaborador en Digital Days de Social Media con IAB M\u00e9xico<br \/>\nDiplomado en Marketing Interactivo de IAB M\u00e9xico \/ ITESM<br \/>\nTwitter: @allan05<\/p>\n\t\t\t\t<\/div>\n\t\t\t<\/div>\n\n\t\t\n\t\t\t<!-- Organizers note: The id attribute is deprecated and only remains for backwards compatibility, please use the corresponding class to target individual speakers -->\n\t\t\t<div id=\"wcorg-speaker-franco-mattiello\" class=\"wcorg-speaker wcorg-speaker-franco-mattiello\">\n\t\t\t\t<h2>\n\t\t\t\t\t\n\t\t\t\t\t\tFranco Mattiello\n\t\t\t\t\t\t\t\t\t<\/h2>\n\n\t\t\t\t<div class=\"wcorg-speaker-description\">\n\t\t\t\t\t<img alt='' src='https:\/\/secure.gravatar.com\/avatar\/7169648237e24b06726c38b5a8e085f60faa3a20d9e5eefd557516a7f5134361?s=100&#038;d=mm&#038;r=g' srcset='https:\/\/secure.gravatar.com\/avatar\/7169648237e24b06726c38b5a8e085f60faa3a20d9e5eefd557516a7f5134361?s=200&#038;d=mm&#038;r=g 2x' class='avatar avatar-100 photo' height='100' width='100' \/>\t\t\t\t\t<p>Comunicador visual y gestor de contenidos<br \/>\n<strong>T\u00edtulo de la charla &#8211;<\/strong> Creaci\u00f3n de contenido viral y redes sociales.<br \/>\nEnfocado al an\u00e1lisis del comportamiento de consumo de internautas y apasionado por el blogging.<br \/>\nDescripci\u00f3n de la charla: Desarrollo de una fanbase y crecimiento de la audiencia, c\u00f3mo aspirar a la viralidad de tus contenidos.\u00a0C\u00f3mo se consigui\u00f3 que un blog se volviera viral, con m\u00e1s de 100,000 fans en redes sociales, gracias a WordPress.<\/p>\n\t\t\t\t<\/div>\n\t\t\t<\/div>\n\n\t\t\n\t\t\t<!-- Organizers note: The id attribute is deprecated and only remains for backwards compatibility, please use the corresponding class to target individual speakers -->\n\t\t\t<div id=\"wcorg-speaker-jonathan-ramirez\" class=\"wcorg-speaker wcorg-speaker-jonathan-ramirez\">\n\t\t\t\t<h2>\n\t\t\t\t\t\n\t\t\t\t\t\tJonathan Ram\u00edrez\n\t\t\t\t\t\t\t\t\t<\/h2>\n\n\t\t\t\t<div class=\"wcorg-speaker-description\">\n\t\t\t\t\t<img alt='' src='https:\/\/secure.gravatar.com\/avatar\/cf7ad27d8c9d4b2b92cbfe86b3f89ab04413a287e0c3b7d62b9496f5a133c40c?s=100&#038;d=mm&#038;r=g' srcset='https:\/\/secure.gravatar.com\/avatar\/cf7ad27d8c9d4b2b92cbfe86b3f89ab04413a287e0c3b7d62b9496f5a133c40c?s=200&#038;d=mm&#038;r=g 2x' class='avatar avatar-100 photo' height='100' width='100' \/>\t\t\t\t\t<p>CEO de BitCuantico.Com \/ Web &amp; Mobile Developer \/ Digital Marketing.<br \/>\n<strong>T\u00edtulo de charla &#8211;<\/strong>\u00a1Santos Bati-errores WordPress!<br \/>\n\u00bfQu\u00e9, C\u00f3mo y Porque implementar WordPress?\u00bfD\u00f3nde est\u00e1n las oportunidades? Hablaremos acerca de los primeros errores que cometemos al iniciar proyectos en WordPress, as\u00ed como de claves, herramientas y retos para poder tener \u00e9xito en la nueva era digital.<\/p>\n\t\t\t\t<\/div>\n\t\t\t<\/div>\n\n\t\t\n\t<\/div>\n\n\t\n","protected":false},"excerpt":{"rendered":"<p>Para este evento, hacemos el llamado a gente que conozca de WordPress; que se \u00a0apasione y est\u00e9 entusiasmado por informar a los asistentes, sobre las novedades de este CMS, sobre sus mejores pr\u00e1cticas, conocimientos y cualquier informaci\u00f3n que pueda servir a esta gran comunidad que est\u00e1 creciendo d\u00eda a d\u00eda. Las inscripciones\u00a0ya est\u00e1n cerradas, te &hellip; <a href=\"https:\/\/mexico.wordcamp.org\/2015\/speaker\/jonathan-ramirez\/\" class=\"more-link\">Seguir leyendo <span class=\"screen-reader-text\">Jonathan Ram\u00edrez<\/span> <span class=\"meta-nav\">&rarr;<\/span><\/a><\/p>\n","protected":false},"author":128442,"featured_media":0,"parent":0,"menu_order":0,"comment_status":"open","ping_status":"open","template":"","meta":{"_crdt_document":"","jetpack_post_was_ever_published":false,"footnotes":""},"class_list":["post-6","page","type-page","status-publish","hentry"],"jetpack_sharing_enabled":true,"jetpack_shortlink":"https:\/\/wp.me\/P69eUF-6","_links":{"self":[{"href":"https:\/\/mexico.wordcamp.org\/2015\/wp-json\/wp\/v2\/pages\/6","targetHints":{"allow":["GET"]}}],"collection":[{"href":"https:\/\/mexico.wordcamp.org\/2015\/wp-json\/wp\/v2\/pages"}],"about":[{"href":"https:\/\/mexico.wordcamp.org\/2015\/wp-json\/wp\/v2\/types\/page"}],"author":[{"embeddable":true,"href":"https:\/\/mexico.wordcamp.org\/2015\/wp-json\/wp\/v2\/users\/128442"}],"replies":[{"embeddable":true,"href":"https:\/\/mexico.wordcamp.org\/2015\/wp-json\/wp\/v2\/comments?post=6"}],"version-history":[{"count":9,"href":"https:\/\/mexico.wordcamp.org\/2015\/wp-json\/wp\/v2\/pages\/6\/revisions"}],"predecessor-version":[{"id":511,"href":"https:\/\/mexico.wordcamp.org\/2015\/wp-json\/wp\/v2\/pages\/6\/revisions\/511"}],"wp:attachment":[{"href":"https:\/\/mexico.wordcamp.org\/2015\/wp-json\/wp\/v2\/media?parent=6"}],"curies":[{"name":"wp","href":"https:\/\/api.w.org\/{rel}","templated":true}]}}