{"id":8,"date":"2015-05-05T23:34:08","date_gmt":"2015-05-05T23:34:08","guid":{"rendered":"https:\/\/2015.mexico.wordcamp.org\/sponsors\/"},"modified":"2015-09-08T10:50:28","modified_gmt":"2015-09-08T15:50:28","slug":"sponsors","status":"publish","type":"page","link":"https:\/\/mexico.wordcamp.org\/2015\/sponsors\/","title":{"rendered":"Sponsors"},"content":{"rendered":"\n\t<div class=\"wcorg-sponsors\">\n\t\t\n\t\t\t<div class=\"wcorg-sponsor-level-wordcamp-champion\">\n\t\t\t\t<h2>Gold<\/h2>\n\n\t\t\t\t\n\t\t\t\t\t<div id=\"wcorg-sponsor-392\" class=\"wcorg-sponsor\">\n\t\t\t\t\t\t\t\t\t\t\t\t\t\t\t\t\t\t\t\t\t<h3>\n\t\t\t\t\t\t\t\t\tJetpack\t\t\t\t\t\t\t\t<\/h3>\n\t\t\t\t\t\t\t\t\t\t\t\t\t\n\t\t\t\t\t\t<div class=\"wcorg-sponsor-description\">\n\t\t\t\t\t\t\t\t\t\t\t\t\t\t\t<img loading=\"lazy\" decoding=\"async\" width=\"624\" height=\"108\" src=\"https:\/\/mexico.wordcamp.org\/2015\/files\/2015\/09\/jetpack.png\" class=\"attachment-wcb-sponsor-logo-horizontal-2x size-wcb-sponsor-logo-horizontal-2x wp-post-image\" alt=\"Jetpack\" srcset=\"https:\/\/mexico.wordcamp.org\/2015\/files\/2015\/09\/jetpack.png 624w, https:\/\/mexico.wordcamp.org\/2015\/files\/2015\/09\/jetpack-300x52.png 300w, https:\/\/mexico.wordcamp.org\/2015\/files\/2015\/09\/jetpack-500x87.png 500w\" sizes=\"auto, (max-width: 624px) 100vw, 624px\" \/>\t\t\t\t\t\t\t\n\t\t\t\t\t\t\t\t\t\t\t\t\t\t\t<p><a href=\"http:\/\/jetpack.me\/\" rel=\"nofollow\">Jetpack<\/a> puede impulsar el potencial de su sitio auto-alojado con una suite de las m\u00e1s poderosas caracter\u00edsticas de WordPress.com.<\/p>\n\t\t\t\t\t\t\t\t\t\t\t\t\t<\/div>\n\t\t\t\t\t<\/div><!-- #sponsor -->\n\t\t\t\t\n\t\t\t\t\t<div id=\"wcorg-sponsor-183\" class=\"wcorg-sponsor\">\n\t\t\t\t\t\t\t\t\t\t\t\t\t\t\t\t\t\t\t\t\t<h3>\n\t\t\t\t\t\t\t\t\tUniversidad Iberoamericana\t\t\t\t\t\t\t\t<\/h3>\n\t\t\t\t\t\t\t\t\t\t\t\t\t\n\t\t\t\t\t\t<div class=\"wcorg-sponsor-description\">\n\t\t\t\t\t\t\t\t\t\t\t\t\t\t\t<img loading=\"lazy\" decoding=\"async\" width=\"157\" height=\"126\" src=\"https:\/\/mexico.wordcamp.org\/2015\/files\/2015\/07\/ibero.png\" class=\"attachment-wcb-sponsor-logo-horizontal-2x size-wcb-sponsor-logo-horizontal-2x wp-post-image\" alt=\"Universidad Iberoamericana\" \/>\t\t\t\t\t\t\t\n\t\t\t\t\t\t\t\t\t\t\t\t\t\t\t<p>A\u00a0m\u00e1s de 70 a\u00f1os de su creaci\u00f3n, la IBERO se ha dedicado a formar los hombres y mujeres que M\u00e9xico necesita. Su liderazgo educativo ha ido m\u00e1s all\u00e1 de las aulas y la ha colocado como una de las mejores universidades privadas a nivel nacional e internacional.<\/p>\n<p>Sin perder de vista su propia historia y las caracter\u00edsticas de su modelo educativo, la IBERO se ha adaptado a los tiempos orient\u00e1ndose hac\u00eda una perspectiva global e intercultural indispensable para el desarrollo del hombre integral que se se\u00f1ala en nuestra Filosof\u00eda Educativa.<\/p>\n\t\t\t\t\t\t\t\t\t\t\t\t\t<\/div>\n\t\t\t\t\t<\/div><!-- #sponsor -->\n\t\t\t\t\n\t\t\t\t\t<div id=\"wcorg-sponsor-558\" class=\"wcorg-sponsor\">\n\t\t\t\t\t\t\t\t\t\t\t\t\t\t\t\t\t\t\t\t\t<h3>\n\t\t\t\t\t\t\t\t\tSucuri Inc.\t\t\t\t\t\t\t\t<\/h3>\n\t\t\t\t\t\t\t\t\t\t\t\t\t\n\t\t\t\t\t\t<div class=\"wcorg-sponsor-description\">\n\t\t\t\t\t\t\t\t\t\t\t\t\t\t\t<img loading=\"lazy\" decoding=\"async\" width=\"604\" height=\"187\" src=\"https:\/\/mexico.wordcamp.org\/2015\/files\/2015\/11\/securi.png\" class=\"attachment-wcb-sponsor-logo-horizontal-2x size-wcb-sponsor-logo-horizontal-2x wp-post-image\" alt=\"Sucuri Inc.\" srcset=\"https:\/\/mexico.wordcamp.org\/2015\/files\/2015\/11\/securi.png 604w, https:\/\/mexico.wordcamp.org\/2015\/files\/2015\/11\/securi-300x93.png 300w, https:\/\/mexico.wordcamp.org\/2015\/files\/2015\/11\/securi-500x155.png 500w\" sizes=\"auto, (max-width: 604px) 100vw, 604px\" \/>\t\t\t\t\t\t\t\n\t\t\t\t\t\t\t\t\t\t\t\t\t\t\t<p>Sucuri Inc.<\/p>\n<p>Sucuri trae tranquilidad para los propietarios de sitios web. Hemos desarrollado soluciones para impedir que los hackers infecten sitios web. Adem\u00e1s, ofrecemos ayuda profesional para sitios web infectados. Sucuri se dedica a investigar las \u00faltimas amenazas que afectan los sitios web.<\/p>\n<p>Creemos que la seguridad debe ser asequible a todos los propietarios de sitios web. Entones, hacemos de todo para que este sue\u00f1o se convierta en realidad. Su sitio web funcionar\u00e1 perfectamente de nuevo. Hacemos nuestro trabajo de acuerdo con tres\u00a0 principios: Personas. Proceso. Tecnolog\u00eda.<\/p>\n<p><a href=\"https:\/\/sucuri.net\/es\/\" rel=\"nofollow\">https:\/\/sucuri.net\/es\/<\/a><\/p>\n\t\t\t\t\t\t\t\t\t\t\t\t\t<\/div>\n\t\t\t\t\t<\/div><!-- #sponsor -->\n\t\t\t\t\t\t\t<\/div><!-- .wcorg-sponsor-level -->\n\t\t\n\t\t\t<div class=\"wcorg-sponsor-level-silver\">\n\t\t\t\t<h2>Silver<\/h2>\n\n\t\t\t\t\n\t\t\t\t\t<div id=\"wcorg-sponsor-395\" class=\"wcorg-sponsor\">\n\t\t\t\t\t\t\t\t\t\t\t\t\t\t\t\t\t\t\t\t\t<h3>\n\t\t\t\t\t\t\t\t\tBluehost\t\t\t\t\t\t\t\t<\/h3>\n\t\t\t\t\t\t\t\t\t\t\t\t\t\n\t\t\t\t\t\t<div class=\"wcorg-sponsor-description\">\n\t\t\t\t\t\t\t\t\t\t\t\t\t\t\t<img loading=\"lazy\" decoding=\"async\" width=\"624\" height=\"103\" src=\"https:\/\/mexico.wordcamp.org\/2015\/files\/2015\/09\/bluehost.png\" class=\"attachment-wcb-sponsor-logo-horizontal-2x size-wcb-sponsor-logo-horizontal-2x wp-post-image\" alt=\"Bluehost\" srcset=\"https:\/\/mexico.wordcamp.org\/2015\/files\/2015\/09\/bluehost.png 624w, https:\/\/mexico.wordcamp.org\/2015\/files\/2015\/09\/bluehost-300x50.png 300w, https:\/\/mexico.wordcamp.org\/2015\/files\/2015\/09\/bluehost-500x83.png 500w\" sizes=\"auto, (max-width: 624px) 100vw, 624px\" \/>\t\t\t\t\t\t\t\n\t\t\t\t\t\t\t\t\t\t\t\t\t\t\t<p><a href=\"http:\/\/bluehost.com\/\" rel=\"nofollow\">Bluehost<\/a>\u00a0aloja m\u00e1s de un mill\u00f3n de sitios hechos con WordPress. Su objetivo es proveer servicios excepcionales de alojamiento y soporte al cliente por el mejor precio posible. Bluehost innova y mejora\u00a0sus servicios\u00a0e infraestructura de manera constante sin ning\u00fan costo adicional para sus clientes.<\/p>\n\t\t\t\t\t\t\t\t\t\t\t\t\t<\/div>\n\t\t\t\t\t<\/div><!-- #sponsor -->\n\t\t\t\t\n\t\t\t\t\t<div id=\"wcorg-sponsor-498\" class=\"wcorg-sponsor\">\n\t\t\t\t\t\t\t\t\t\t\t\t\t\t\t\t\t\t\t\t\t<h3>\n\t\t\t\t\t\t\t\t\tWebempresa\t\t\t\t\t\t\t\t<\/h3>\n\t\t\t\t\t\t\t\t\t\t\t\t\t\n\t\t\t\t\t\t<div class=\"wcorg-sponsor-description\">\n\t\t\t\t\t\t\t\t\t\t\t\t\t\t\t<img loading=\"lazy\" decoding=\"async\" width=\"600\" height=\"104\" src=\"https:\/\/mexico.wordcamp.org\/2015\/files\/2015\/10\/logo_webempresa_wp.png\" class=\"attachment-wcb-sponsor-logo-horizontal-2x size-wcb-sponsor-logo-horizontal-2x wp-post-image\" alt=\"Webempresa\" srcset=\"https:\/\/mexico.wordcamp.org\/2015\/files\/2015\/10\/logo_webempresa_wp.png 600w, https:\/\/mexico.wordcamp.org\/2015\/files\/2015\/10\/logo_webempresa_wp-300x52.png 300w, https:\/\/mexico.wordcamp.org\/2015\/files\/2015\/10\/logo_webempresa_wp-500x87.png 500w\" sizes=\"auto, (max-width: 600px) 100vw, 600px\" \/>\t\t\t\t\t\t\t\n\t\t\t\t\t\t\t\t\t\t\t\t\t\t\t<p>Hosting optimizado para WordPress.<br \/>\nSeguridad, Velocidad y Soporte para exprimir al m\u00e1ximo tu WordPress<\/p>\n<p>Estaremos encantados de alojarte: <a href=\"http:\/\/www.webempresa.com\/wordpress\/hosting-wordpress\" rel=\"nofollow\">http:\/\/www.webempresa.com\/wordpress\/hosting-wordpress<\/a><\/p>\n<p>Tienes muchas cosas que decir y con WordPress y Webempresa te ayudamos a llevar tu mensaje al mundo.<br \/>\nNos tienes disponibles 24 horas, todos los d\u00edas del a\u00f1o listos para ayudarte a resolver los problemas y dudas con tu Hosting.<\/p>\n<p>Servidores con discos SSD y servicio de optimizaci\u00f3n gratuita de im\u00e1genes para que tu WordPress vuele y Google se la coma a besos.<br \/>\nReglas de seguridad Anti-hackeo para WordPress.<\/p>\n<p>Somos fan\u00e1ticos de WordPress y nos encanta tener clientes contentos y felices con su Web.<br \/>\nCreadores de <a href=\"http:\/\/www.wpdoctor.es\" rel=\"nofollow\">http:\/\/www.wpdoctor.es<\/a> herramienta de auditor\u00eda online para evaluar sitios WordPress.<\/p>\n\t\t\t\t\t\t\t\t\t\t\t\t\t<\/div>\n\t\t\t\t\t<\/div><!-- #sponsor -->\n\t\t\t\t\t\t\t<\/div><!-- .wcorg-sponsor-level -->\n\t\t\n\t\t\t<div class=\"wcorg-sponsor-level-bronze\">\n\t\t\t\t<h2>Bronze<\/h2>\n\n\t\t\t\t\n\t\t\t\t\t<div id=\"wcorg-sponsor-398\" class=\"wcorg-sponsor\">\n\t\t\t\t\t\t\t\t\t\t\t\t\t\t\t\t\t\t\t\t\t<h3>\n\t\t\t\t\t\t\t\t\tWPML\t\t\t\t\t\t\t\t<\/h3>\n\t\t\t\t\t\t\t\t\t\t\t\t\t\n\t\t\t\t\t\t<div class=\"wcorg-sponsor-description\">\n\t\t\t\t\t\t\t\t\t\t\t\t\t\t\t<img loading=\"lazy\" decoding=\"async\" width=\"558\" height=\"141\" src=\"https:\/\/mexico.wordcamp.org\/2015\/files\/2015\/09\/wpml.png\" class=\"attachment-wcb-sponsor-logo-horizontal-2x size-wcb-sponsor-logo-horizontal-2x wp-post-image\" alt=\"WPML\" srcset=\"https:\/\/mexico.wordcamp.org\/2015\/files\/2015\/09\/wpml.png 558w, https:\/\/mexico.wordcamp.org\/2015\/files\/2015\/09\/wpml-300x76.png 300w, https:\/\/mexico.wordcamp.org\/2015\/files\/2015\/09\/wpml-500x126.png 500w\" sizes=\"auto, (max-width: 558px) 100vw, 558px\" \/>\t\t\t\t\t\t\t\n\t\t\t\t\t\t\t\t\t\t\t\t\t\t\t<p><a href=\"http:\/\/wpml.org\/\" rel=\"nofollow\">WPML<\/a> hace sitios WordPress multiling\u00fces. Funciona con plugins de caching, SEO y E-Commerce, y permite crear sitios multiling\u00fces completos. Ejecuta tanto blogs simples\u00a0como sitios comerciales y empresariales, y\u00a0permite a los usuarios traducir todo el contenido del sitio, as\u00ed como tambi\u00e9n men\u00faes,\u00a0widgets y texto de los diferentes temas y plugins. WPML ejecuta m\u00e1s de 400.000 sitios\u00a0comerciales de todo el mundo.<\/p>\n\t\t\t\t\t\t\t\t\t\t\t\t\t<\/div>\n\t\t\t\t\t<\/div><!-- #sponsor -->\n\t\t\t\t\t\t\t<\/div><!-- .wcorg-sponsor-level -->\n\t\t\n\t\t\t<div class=\"wcorg-sponsor-level-wordcamp-accomplice\">\n\t\t\t\t<h2>Supporters<\/h2>\n\n\t\t\t\t\n\t\t\t\t\t<div id=\"wcorg-sponsor-370\" class=\"wcorg-sponsor\">\n\t\t\t\t\t\t\t\t\t\t\t\t\t\t\t\t\t\t\t\t\t<h3>\n\t\t\t\t\t\t\t\t\tForbes M\u00e9xico\t\t\t\t\t\t\t\t<\/h3>\n\t\t\t\t\t\t\t\t\t\t\t\t\t\n\t\t\t\t\t\t<div class=\"wcorg-sponsor-description\">\n\t\t\t\t\t\t\t\t\t\t\t\t\t\t\t<img loading=\"lazy\" decoding=\"async\" width=\"150\" height=\"150\" src=\"https:\/\/mexico.wordcamp.org\/2015\/files\/2015\/09\/Forbes-Logo-150x1501.jpg\" class=\"attachment-wcb-sponsor-logo-horizontal-2x size-wcb-sponsor-logo-horizontal-2x wp-post-image\" alt=\"Forbes M\u00e9xico\" \/>\t\t\t\t\t\t\t\n\t\t\t\t\t\t\t\t\t\t\t\t\t\t\t<p>Forbes es una revista especializada en el mundo de los negocios y las finanzas, publicada en Estados Unidos. La revista es mundialmente famosa por sus listas, incluyendo las listas de los americanos m\u00e1s ricos (the Forbes 400) y sus listas de multimillonarios. <\/p>\n\t\t\t\t\t\t\t\t\t\t\t\t\t<\/div>\n\t\t\t\t\t<\/div><!-- #sponsor -->\n\t\t\t\t\n\t\t\t\t\t<div id=\"wcorg-sponsor-419\" class=\"wcorg-sponsor\">\n\t\t\t\t\t\t\t\t\t\t\t\t\t\t\t\t\t\t\t\t\t<h3>\n\t\t\t\t\t\t\t\t\tDreams Engine\t\t\t\t\t\t\t\t<\/h3>\n\t\t\t\t\t\t\t\t\t\t\t\t\t\n\t\t\t\t\t\t<div class=\"wcorg-sponsor-description\">\n\t\t\t\t\t\t\t\t\t\t\t\t\t\t\t<img loading=\"lazy\" decoding=\"async\" width=\"822\" height=\"632\" src=\"https:\/\/mexico.wordcamp.org\/2015\/files\/2015\/09\/10561713_277075132481381_4495832998636729343_n.png\" class=\"attachment-wcb-sponsor-logo-horizontal-2x size-wcb-sponsor-logo-horizontal-2x wp-post-image\" alt=\"Dreams Engine\" srcset=\"https:\/\/mexico.wordcamp.org\/2015\/files\/2015\/09\/10561713_277075132481381_4495832998636729343_n.png 822w, https:\/\/mexico.wordcamp.org\/2015\/files\/2015\/09\/10561713_277075132481381_4495832998636729343_n-300x231.png 300w, https:\/\/mexico.wordcamp.org\/2015\/files\/2015\/09\/10561713_277075132481381_4495832998636729343_n-390x300.png 390w\" sizes=\"auto, (max-width: 822px) 100vw, 822px\" \/>\t\t\t\t\t\t\t\n\t\t\t\t\t\t\t\t\t\t\t\t\t\t\t<p>Somos una agencia de dise\u00f1o interactivo, especializada en el desarrollo de videojuegos, aplicaciones m\u00f3viles, dise\u00f1o web, as\u00ed como en efectos de video en producci\u00f3n y post producci\u00f3n.<\/p>\n\t\t\t\t\t\t\t\t\t\t\t\t\t<\/div>\n\t\t\t\t\t<\/div><!-- #sponsor -->\n\t\t\t\t\n\t\t\t\t\t<div id=\"wcorg-sponsor-367\" class=\"wcorg-sponsor\">\n\t\t\t\t\t\t\t\t\t\t\t\t\t\t\t\t\t\t\t\t\t<h3>\n\t\t\t\t\t\t\t\t\tAzul Web\t\t\t\t\t\t\t\t<\/h3>\n\t\t\t\t\t\t\t\t\t\t\t\t\t\n\t\t\t\t\t\t<div class=\"wcorg-sponsor-description\">\n\t\t\t\t\t\t\t\t\t\t\t\t\t\t\t<img loading=\"lazy\" decoding=\"async\" width=\"260\" height=\"68\" src=\"https:\/\/mexico.wordcamp.org\/2015\/files\/2015\/08\/azulwordcamp.jpg\" class=\"attachment-wcb-sponsor-logo-horizontal-2x size-wcb-sponsor-logo-horizontal-2x wp-post-image\" alt=\"Azul Web\" \/>\t\t\t\t\t\t\t\n\t\t\t\t\t\t\t\t\t\t\t\t\t\t\t<p>Azul Web, sitio de noticias, discusiones y opiniones sobre el mundo de la Tecnolog\u00eda, Ciencia y Emprendimiento. Adem\u00e1s cuentan con cursos y tutoriales para developers.<\/p>\n<p>Blog asociado como media partner para el WordCamp M\u00e9xico 2015. Sitio Web: <a href=\"http:\/\/www.azulweb.net\/\" target=\"_blank\" rel=\"nofollow\">http:\/\/www.azulweb.net\/<\/a><\/p>\n\t\t\t\t\t\t\t\t\t\t\t\t\t<\/div>\n\t\t\t\t\t<\/div><!-- #sponsor -->\n\t\t\t\t\n\t\t\t\t\t<div id=\"wcorg-sponsor-522\" class=\"wcorg-sponsor\">\n\t\t\t\t\t\t\t\t\t\t\t\t\t\t\t\t\t\t\t\t\t<h3>\n\t\t\t\t\t\t\t\t\tSHIELD\t\t\t\t\t\t\t\t<\/h3>\n\t\t\t\t\t\t\t\t\t\t\t\t\t\n\t\t\t\t\t\t<div class=\"wcorg-sponsor-description\">\n\t\t\t\t\t\t\t\t\t\t\t\t\t\t\t<img loading=\"lazy\" decoding=\"async\" width=\"200\" height=\"201\" src=\"https:\/\/mexico.wordcamp.org\/2015\/files\/2015\/10\/shield.png\" class=\"attachment-wcb-sponsor-logo-horizontal-2x size-wcb-sponsor-logo-horizontal-2x wp-post-image\" alt=\"SHIELD\" srcset=\"https:\/\/mexico.wordcamp.org\/2015\/files\/2015\/10\/shield.png 200w, https:\/\/mexico.wordcamp.org\/2015\/files\/2015\/10\/shield-150x150.png 150w\" sizes=\"auto, (max-width: 200px) 100vw, 200px\" \/>\t\t\t\t\t\t\t\n\t\t\t\t\t\t\t\t\t\t\t\t\t\t\t<p>Sociedad Honrada e Interactiva Especializada en la Lucha del Dise\u00f1o<\/p>\n<p>Alumnos de la carrera de Dise\u00f1o Interactivo en la IBERO.<\/p>\n\t\t\t\t\t\t\t\t\t\t\t\t\t<\/div>\n\t\t\t\t\t<\/div><!-- #sponsor -->\n\t\t\t\t\t\t\t<\/div><!-- .wcorg-sponsor-level -->\n\t\t\t<\/div><!-- .wcorg-sponsors -->\n\n\t\n<h3>\u00bfEst\u00e1s interesado en ser nuestro sponsor?<\/h3>\n<p><a href=\"https:\/\/2015.mexico.wordcamp.org\/llamado-a-sponsors\/\" target=\"_blank\" rel=\"nofollow\">Checa nuestro llamado a sponsors, y obt\u00e9n mayor informaci\u00f3n.<\/a><\/p>\n","protected":false},"excerpt":{"rendered":"<p>\u00bfEst\u00e1s interesado en ser nuestro sponsor? Checa nuestro llamado a sponsors, y obt\u00e9n mayor informaci\u00f3n.<\/p>\n","protected":false},"author":128442,"featured_media":0,"parent":0,"menu_order":0,"comment_status":"open","ping_status":"open","template":"","meta":{"_crdt_document":"","jetpack_post_was_ever_published":false,"footnotes":""},"class_list":["post-8","page","type-page","status-publish","hentry"],"jetpack_sharing_enabled":true,"jetpack_shortlink":"https:\/\/wp.me\/P69eUF-8","_links":{"self":[{"href":"https:\/\/mexico.wordcamp.org\/2015\/wp-json\/wp\/v2\/pages\/8","targetHints":{"allow":["GET"]}}],"collection":[{"href":"https:\/\/mexico.wordcamp.org\/2015\/wp-json\/wp\/v2\/pages"}],"about":[{"href":"https:\/\/mexico.wordcamp.org\/2015\/wp-json\/wp\/v2\/types\/page"}],"author":[{"embeddable":true,"href":"https:\/\/mexico.wordcamp.org\/2015\/wp-json\/wp\/v2\/users\/128442"}],"replies":[{"embeddable":true,"href":"https:\/\/mexico.wordcamp.org\/2015\/wp-json\/wp\/v2\/comments?post=8"}],"version-history":[{"count":4,"href":"https:\/\/mexico.wordcamp.org\/2015\/wp-json\/wp\/v2\/pages\/8\/revisions"}],"predecessor-version":[{"id":405,"href":"https:\/\/mexico.wordcamp.org\/2015\/wp-json\/wp\/v2\/pages\/8\/revisions\/405"}],"wp:attachment":[{"href":"https:\/\/mexico.wordcamp.org\/2015\/wp-json\/wp\/v2\/media?parent=8"}],"curies":[{"name":"wp","href":"https:\/\/api.w.org\/{rel}","templated":true}]}}