{"id":12,"date":"2020-06-18T08:11:55","date_gmt":"2020-06-18T08:11:55","guid":{"rendered":"https:\/\/2020.mexico.wordcamp.org\/organizers\/"},"modified":"2020-11-09T13:02:50","modified_gmt":"2020-11-09T19:02:50","slug":"equipo","status":"publish","type":"page","link":"https:\/\/mexico.wordcamp.org\/2020\/equipo\/","title":{"rendered":"Equipo"},"content":{"rendered":"\n<h2 class=\"has-text-align-center wp-block-heading\">Organizadores<\/h2>\n\n\n<ul class=\"wordcamp-block wordcamp-post-list has-layout-grid wordcamp-organizers has-grid-columns-2\"><li class=\"wordcamp-post-list__post wordcamp-clearfix\">\n<div class=\"wordcamp-organizer wordcamp-organizers__post slug-abraham-morales\">\n\t<h3 class=\"wordcamp-block__item-title wordcamp-organizers__title\">Abraham Morales Calder\u00f3n<\/h3>\n\t\t\t<div class=\"wordcamp-image__avatar-container align-left\">\n\t\t\t<img decoding=\"async\" src=\"https:\/\/secure.gravatar.com\/avatar\/455826427002ef45624d3209b2b338681ac111a65038657f9c80bc054576448e?s=90&amp;d=mm&amp;r=g\" alt=\"Avatar de Abraham Morales Calder\u00f3n\" \/>\t\t<\/div>\n\t\n\t\t\t<div class=\"wordcamp-block__item-content wordcamp-organizers__content is-full\"><p><strong>Comunidad de WordPress Guadalajara<\/strong><\/p>\n<p>Desarrollador Web: WordPress, Laravel, Vuejs. Webmaster. Tech Lover.<\/p>\n<p>Organizador de la Comunidad WordPress Guadalajara. Local Manager y editor de traducciones en WordPress.org para Espa\u00f1ol de M\u00e9xico.<\/p>\n<p>B\u00fascame en <a href=\"https:\/\/profiles.wordpress.org\/abramoca\/\">wp.org<\/a>,&nbsp;<a rel=\"noreferrer noopener\" href=\"https:\/\/twitter.com\/abrahammoral_es\" target=\"_blank\">Twitter<\/a> y&nbsp;<a rel=\"noreferrer noopener\" href=\"https:\/\/www.linkedin.com\/in\/abrahammoca\/\" target=\"_blank\">Linkedin<\/a>.<\/p>\n<\/div>\t<\/div>\n\n<\/li><li class=\"wordcamp-post-list__post wordcamp-clearfix\">\n<div class=\"wordcamp-organizer wordcamp-organizers__post slug-armando-sanchez-aguilar\">\n\t<h3 class=\"wordcamp-block__item-title wordcamp-organizers__title\">Armando S\u00e1nchez Aguilar<\/h3>\n\t\t\t<div class=\"wordcamp-image__avatar-container align-left\">\n\t\t\t<img decoding=\"async\" src=\"https:\/\/secure.gravatar.com\/avatar\/94ba70b936d8a20e700fa6a73d4824fd1b5156624b1b3afab77c78976c8b5f3f?s=90&amp;d=mm&amp;r=g\" alt=\"Avatar de Armando S\u00e1nchez Aguilar\" \/>\t\t<\/div>\n\t\n\t\t\t<div class=\"wordcamp-block__item-content wordcamp-organizers__content is-full\"><p><strong>Comunidad de WordPress Puebla<\/strong><\/p>\n<p>Webmaster. Ingeniero en Computaci\u00f3n de profesi\u00f3n y dise\u00f1ador por hobby. He trabajado en WordPress y WooCommerce desde hace alg\u00fan rato, moviendo un poquito de aqu\u00ed y de all\u00e1. <\/p>\n<p>Co-organizador de @wppuebla. Apoy\u00e9 como voluntario en el pasado @WPCDMX y otros eventos.<\/p>\n<\/div>\t<\/div>\n\n<\/li><li class=\"wordcamp-post-list__post wordcamp-clearfix\">\n<div class=\"wordcamp-organizer wordcamp-organizers__post slug-cristopher-garrido-martell\">\n\t<h3 class=\"wordcamp-block__item-title wordcamp-organizers__title\">Cristopher @phermartell<\/h3>\n\t\t\t<div class=\"wordcamp-image__avatar-container align-left\">\n\t\t\t<img decoding=\"async\" src=\"https:\/\/secure.gravatar.com\/avatar\/b15be879d81abe472b61e1fe99e39351209f2c3e57259617aef81c2b0102d7b2?s=90&amp;d=mm&amp;r=g\" alt=\"Avatar de Cristopher @phermartell\" \/>\t\t<\/div>\n\t\n\t\t\t<div class=\"wordcamp-block__item-content wordcamp-organizers__content is-full\"><p>Soy @phermartell Consultor de Estrategias Digitales desde hace 7 a\u00f1os colaboro con agencias de mkt digital, soy\u00a0 co-fundador de <a rel=\"noreferrer noopener\" href=\"http:\/\/chipotlestudio.com\/\" target=\"_blank\">Chipotle Studio<\/a>, he sido voluntario, speaker y co-organizador de diversas comunidades de WordPress (Meetups y WordCamps).<\/p>\n<p>Especializado en Tiendas en l\u00ednea y Front-end para sitios en WordPress a la medida.<\/p>\n<p>Encu\u00e9ntrame en redes como @phermartell.<\/p>\n<\/div>\t<\/div>\n\n<\/li><li class=\"wordcamp-post-list__post wordcamp-clearfix\">\n<div class=\"wordcamp-organizer wordcamp-organizers__post slug-dafne-delgado\">\n\t<h3 class=\"wordcamp-block__item-title wordcamp-organizers__title\">Dafne Delgado<\/h3>\n\t\t\t<div class=\"wordcamp-image__avatar-container align-left\">\n\t\t\t<img decoding=\"async\" src=\"https:\/\/secure.gravatar.com\/avatar\/9c9e3f49e19d095e8b2a26ed98a011156eae54e14dc3f3bcff7f89865feb0a3c?s=90&amp;d=mm&amp;r=g\" alt=\"Avatar de Dafne Delgado\" \/>\t\t<\/div>\n\t\n\t\t\t<div class=\"wordcamp-block__item-content wordcamp-organizers__content is-full\"><p><strong>Comunidad de WordPress CDMX<\/strong><\/p>\n<p>Dise\u00f1adora textil e interactiva, con un diplomado en Construcci\u00f3n de sitios web y Maestr\u00eda en Digital Media. Apasionada de WordPress, de la usabilidad de los sitios y el SEO. Trabajo como programadora freelance, mi sitio es\u00a0<a rel=\"noreferrer noopener\" href=\"http:\/\/daffinc.com\/\" target=\"_blank\">daffinc.com<\/a>\u00a0y tengo un sitio personal como\u00a0<a rel=\"noreferrer noopener\" href=\"http:\/\/tipsdemadre.com\/\" target=\"_blank\">mama bloguera en tipsdemadre.com<\/a><\/p>\n<p>Encu\u00e9ntrame en Twitter como&nbsp;<a href=\"https:\/\/twitter.com\/daffinc\" target=\"_blank\" rel=\"noreferrer noopener\">@daffinc<\/a><\/p>\n<\/div>\t<\/div>\n\n<\/li><li class=\"wordcamp-post-list__post wordcamp-clearfix\">\n<div class=\"wordcamp-organizer wordcamp-organizers__post slug-jair-martell\">\n\t<h3 class=\"wordcamp-block__item-title wordcamp-organizers__title\">Jair Garrido Martell<\/h3>\n\t\t\t<div class=\"wordcamp-image__avatar-container align-left\">\n\t\t\t<img decoding=\"async\" src=\"https:\/\/secure.gravatar.com\/avatar\/157714f2f0f15446b1e1adc0667968dfbda034862128d24cd59b23e927ae8231?s=90&amp;d=mm&amp;r=g\" alt=\"Avatar de Jair Garrido Martell\" \/>\t\t<\/div>\n\t\n\t\t\t<div class=\"wordcamp-block__item-content wordcamp-organizers__content is-full\"><p><strong>Comunidad de WordPress Puebla<\/strong><\/p>\n<p>Emprendedor, Desarrollador, WordPress Lover.<\/p>\n<p>Co-Fundador de <a href=\"https:\/\/chipotlestudio.com\/\" target=\"_blank\" rel=\"noreferrer noopener\">ChipotleStudio<\/a> agencia de Marketing Digital, Co-organizador de los meetups de <a href=\"https:\/\/wppuebla.com\/\" target=\"_blank\" rel=\"noreferrer noopener\">WordPress Puebla<\/a> y WordPress Tijuana. Organizador del WordCamp 2018 y 2019 Puebla.<br \/>Actualmente trabajando como Coordinador de Programaci\u00f3n dentro de Digitalrocks, construyendo distintos proyectos para varias empresas y administrando e-commerce con WooCommerce.<\/p>\n<p>Me puedes encontrar en <a rel=\"noreferrer noopener\" href=\"https:\/\/www.instagram.com\/soymartello\/\" target=\"_blank\">@soymartello<\/a> y <a href=\"https:\/\/soymartello.com.mx\/\" target=\"_blank\" rel=\"noreferrer noopener\">soymartello<\/a><\/p>\n<\/div>\t<\/div>\n\n<\/li><li class=\"wordcamp-post-list__post wordcamp-clearfix\">\n<div class=\"wordcamp-organizer wordcamp-organizers__post slug-jefferson-maldonado\">\n\t<h3 class=\"wordcamp-block__item-title wordcamp-organizers__title\">Jefferson Maldonado<\/h3>\n\t\t\t<div class=\"wordcamp-image__avatar-container align-left\">\n\t\t\t<img decoding=\"async\" src=\"https:\/\/secure.gravatar.com\/avatar\/7d48628b8a1acb925422b5e29b6e7d23c0ce2f9132adcb0467a6760bc4ac8f53?s=90&amp;d=mm&amp;r=g\" alt=\"Avatar de Jefferson Maldonado\" \/>\t\t<\/div>\n\t\n\t\t\t<div class=\"wordcamp-block__item-content wordcamp-organizers__content is-full\"><p>Ingeniero Industrial, Consultor UX, Dise\u00f1ador web, Podcaster, WordPress lover y formador en dise\u00f1o web. Fundador del emprendimiento educativo <a href=\"https:\/\/uxdivi.com\/\">UXDIVI<\/a> y del estudio de dise\u00f1o web <a href=\"http:\/\/muxstudio.com\/\">MUX Studio<\/a>. Con m\u00e1s de 7 a\u00f1os de experiencia usando WordPress y con 3 a\u00f1os de recorrido organizando la\u00a0meetup\u00a0de WordPress Monterrey.\u00a0<\/p>\n<p>Pueden saber m\u00e1s de mi en <a href=\"http:\/\/jeffersonmaldonadoz.com\">jeffersonmaldonadoz.com<\/a><\/p>\n<\/div>\t<\/div>\n\n<\/li><li class=\"wordcamp-post-list__post wordcamp-clearfix\">\n<div class=\"wordcamp-organizer wordcamp-organizers__post slug-maryl-gonzalez\">\n\t<h3 class=\"wordcamp-block__item-title wordcamp-organizers__title\">Maryl Gonzalez<\/h3>\n\t\t\t<div class=\"wordcamp-image__avatar-container align-left\">\n\t\t\t<img decoding=\"async\" src=\"https:\/\/secure.gravatar.com\/avatar\/26bc6e3dd591da0da264750be71e3165de750556eea3db66db5594ead41a226f?s=90&amp;d=mm&amp;r=g\" alt=\"Avatar de Maryl Gonzalez\" \/>\t\t<\/div>\n\t\n\t\t\t<div class=\"wordcamp-block__item-content wordcamp-organizers__content is-full\"><p class=\"comunidad-title\"><strong>Comunidad de WordPress Guadalajara<\/strong><\/p>\n<p>Soy Maryl Gonz\u00e1lez y soy una apasionada dise\u00f1adora multidisciplinaria de Guadalajara, M\u00e9xico. Tambi\u00e9n soy co-fundadora y Lead Product Designer en&nbsp;<a rel=\"noreferrer noopener\" href=\"http:\/\/theappchefs.com\/\" target=\"_blank\">The App Chefs<\/a>&nbsp;y fundadora en&nbsp;<a rel=\"noreferrer noopener\" href=\"http:\/\/www.talexa.com.mx\/\" target=\"_blank\">TaleXa<\/a>.<\/p>\n<p>Enfocada en Product Design, (UX\/UI) y Front-end para sitios en WordPress a la medida, as\u00ed como Apps m\u00f3viles. Estoy certificada en Design Thinking for el Massachusetts Institute of Technology (MIT) y  en metodolog\u00edas SCRUM\/Agile.<\/p>\n<p>Encu\u00e9ntrame en&nbsp;<a href=\"https:\/\/www.instagram.com\/maryl_\/\">Instagram<\/a>,&nbsp;<a href=\"https:\/\/twitter.com\/maryl_\">Twitter<\/a>,&nbsp;and&nbsp;<a href=\"https:\/\/www.linkedin.com\/in\/marylgonzalez\/\">LinkedIn<\/a>.&nbsp;<\/p>\n<\/div>\t<\/div>\n\n<\/li><li class=\"wordcamp-post-list__post wordcamp-clearfix\">\n<div class=\"wordcamp-organizer wordcamp-organizers__post slug-pablo-herrada-artellano\">\n\t<h3 class=\"wordcamp-block__item-title wordcamp-organizers__title\">Pablo Herrada Artellano<\/h3>\n\t\t\t<div class=\"wordcamp-image__avatar-container align-left\">\n\t\t\t<img decoding=\"async\" src=\"https:\/\/secure.gravatar.com\/avatar\/50a3d815ba39eb9216562330d71fcab032994d2400161bc3c5f13869da287525?s=90&amp;d=mm&amp;r=g\" alt=\"Avatar de Pablo Herrada Artellano\" \/>\t\t<\/div>\n\t\n\t\t\t<div class=\"wordcamp-block__item-content wordcamp-organizers__content is-full\"><p><strong>Comunidad de WordPress CDMX<\/strong><\/p>\n<p><a href=\"https:\/\/mx.linkedin.com\/in\/pabloherrada\">Emprendedor, Consultor SEO Internacional<\/a>\u00a0para proyectos de\u00a0<em>ecommerce<\/em>\u00a0&amp;\u00a0<em>Marketing Digital, <\/em>ha colaborado en proyectos de SEO para Walmart, Steren, Sam\u2019s Club, Superama entre otros e internacionales con eBay, Interjet, Despegar, Scotiabank y muchos m\u00e1s. Actualmente fundador de <a href=\"https:\/\/www.cleanranks.com\" rel=\"nofollow\">Clean Ranks, empresa especializada en SEO<\/a> para E Business. <\/p>\n<p>Es miembro activo de la comunidad WordPress M\u00e9xico, lo encuentras en <a href=\"https:\/\/mx.linkedin.com\/in\/pabloherradahttps:\/\/mx.linkedin.com\/in\/pabloherrada\">LinkedIn<\/a>, <a href=\"https:\/\/twitter.com\/phartell\">Twitter<\/a> e <a href=\"https:\/\/www.instagram.com\/pablo.herrada\/\">Instagram<\/a>.<\/p>\n<\/div>\t<\/div>\n\n<\/li><li class=\"wordcamp-post-list__post wordcamp-clearfix\">\n<div class=\"wordcamp-organizer wordcamp-organizers__post slug-ricardo-alday\">\n\t<h3 class=\"wordcamp-block__item-title wordcamp-organizers__title\">Ricardo Alday<\/h3>\n\t\t\t<div class=\"wordcamp-image__avatar-container align-left\">\n\t\t\t<img decoding=\"async\" src=\"https:\/\/secure.gravatar.com\/avatar\/a567e614662df8a573e18197424d31187e15a1167328a570914b0bd9532a4e63?s=90&amp;d=mm&amp;r=g\" alt=\"Avatar de Ricardo Alday\" \/>\t\t<\/div>\n\t\n\t\t\t<div class=\"wordcamp-block__item-content wordcamp-organizers__content is-full\"><p><strong>Comunidad de WordPress CDMX<\/strong><\/p>\n<p>Dise\u00f1ador digital con 20 a\u00f1os de experiencia trabjando con despachos de dise\u00f1o en diferentes pa\u00edses antes de fundar de<a href=\"https:\/\/hyperplanestudio.com\/\">&nbsp;Hyperplane Studio<\/a>.<\/p>\n<\/div>\t<\/div>\n\n<\/li><li class=\"wordcamp-post-list__post wordcamp-clearfix\">\n<div class=\"wordcamp-organizer wordcamp-organizers__post slug-urano-gonzalez\">\n\t<h3 class=\"wordcamp-block__item-title wordcamp-organizers__title\">Urano Gonz\u00e1lez<\/h3>\n\t\t\t<div class=\"wordcamp-image__avatar-container align-left\">\n\t\t\t<img decoding=\"async\" src=\"https:\/\/secure.gravatar.com\/avatar\/d975b293cffb6fb94886074689092c1cac35dce978b8342a72da5ee0a2ef7641?s=90&amp;d=mm&amp;r=g\" alt=\"Avatar de Urano Gonz\u00e1lez\" \/>\t\t<\/div>\n\t\n\t\t\t<div class=\"wordcamp-block__item-content wordcamp-organizers__content is-full\"><p><strong>Comunidad de WordPress Quer\u00e9taro<\/strong><\/p>\n<p>Por muchos a\u00f1os trabaj\u00e9 en un Gran Grupo Financiero, trabajando en M\u00e9xico, USA, y Centroam\u00e9rica, con las mejores Personas, la mejor Tecnolog\u00eda, los Mejores Procesos y las Mejores Pr\u00e1cticas a nivel mundial.<br \/>Ahora me enfoco en construir y optimizar plataformas para comercio electr\u00f3nico, medios de pago, fintechs, membres\u00edas, suscripciones, o cursos online. Trabaja principalmente con WordPress, Pymes y Startups.<\/p>\n<\/div>\t<\/div>\n\n<\/li><li class=\"wordcamp-post-list__post wordcamp-clearfix\">\n<div class=\"wordcamp-organizer wordcamp-organizers__post slug-victor-ags\">\n\t<h3 class=\"wordcamp-block__item-title wordcamp-organizers__title\">V\u00edctor Garc\u00eda<\/h3>\n\t\t\t<div class=\"wordcamp-image__avatar-container align-left\">\n\t\t\t<img decoding=\"async\" src=\"https:\/\/secure.gravatar.com\/avatar\/35427f73a839aa19894eef0ee693ee8e5653fa4084a6337ecd3d8591f79c40cc?s=90&amp;d=mm&amp;r=g\" alt=\"Avatar de V\u00edctor Garc\u00eda\" \/>\t\t<\/div>\n\t\n\t\t\t<div class=\"wordcamp-block__item-content wordcamp-organizers__content is-full\"><p><strong>Comunidad de WordPress CDMX<\/strong><\/p>\n<p>Emprendedor, freelance. Actualmente trabaja creando y administrando e-commerce. Co-fundador de la comunidad de WordPress y WooCommerce en la CDMX. Co-organizador del WordCamp 2017,2018 y 2019 CDMX.<\/p>\n<p>Creador del podcast <a href=\"https:\/\/locosporwoo.com\/\">Locos por Woo<\/a> junto a Diego Nieto<\/p>\n<p>Socio fundador de <a href=\"https:\/\/paraisolab.com\/\">Paraiso Lab <\/a>empresa de Marketing dedicada al e-commerce.<\/p>\n<p>Si quieres saber mas de Victor :&nbsp;<a href=\"https:\/\/www.victorags.com\/\">victorags.com&nbsp;&nbsp;<\/a>&nbsp;Twitter:&nbsp;<a href=\"https:\/\/twitter.com\/victoragscom\">@victoragscom&nbsp;<\/a><\/p>\n<\/div>\t<\/div>\n\n<\/li><\/ul>\n\n\n<h2 class=\"has-text-align-center wp-block-heading\">Voluntarios<\/h2>\n\n\n<ul class=\"wordcamp-block wordcamp-post-list has-layout-grid wordcamp-organizers has-grid-columns-2\"><li class=\"wordcamp-post-list__post wordcamp-clearfix\">\n<div class=\"wordcamp-organizer wordcamp-organizers__post slug-armando-lopez-jimenez\">\n\t<h3 class=\"wordcamp-block__item-title wordcamp-organizers__title\">Armando L\u00f3pez Jim\u00e9nez<\/h3>\n\t\t\t<div class=\"wordcamp-image__avatar-container align-left\">\n\t\t\t<img decoding=\"async\" src=\"https:\/\/secure.gravatar.com\/avatar\/b38f3b8e7f06b39b5ba334aee4c5ab77c096ba5e242b3f23eedfbcafa3d78f4d?s=90&amp;d=mm&amp;r=g\" alt=\"Avatar de Armando L\u00f3pez Jim\u00e9nez\" \/>\t\t<\/div>\n\t\n\t\t\t<div class=\"wordcamp-block__item-content wordcamp-organizers__content is-full\"><p>Emprendedor digital, especialista en estrategia y venta digital, creaci\u00f3n de estrategias para publicidad online. Fundador de <a rel=\"noreferrer noopener\" href=\"http:\/\/orium.digital\/\" data-type=\"URL\" data-id=\"http:\/\/orium.digital\/\" target=\"_blank\">orium.digital<\/a><\/p>\n<p>Encu\u00e9ntrame en\u00a0<a href=\"https:\/\/www.instagram.com\/armando.lev\/\" target=\"_blank\" rel=\"noreferrer noopener\">Instagram<\/a><\/p>\n<\/div>\t<\/div>\n\n<\/li><li class=\"wordcamp-post-list__post wordcamp-clearfix\">\n<div class=\"wordcamp-organizer wordcamp-organizers__post slug-fede-padilla\">\n\t<h3 class=\"wordcamp-block__item-title wordcamp-organizers__title\">Fede Padilla<\/h3>\n\t\t\t<div class=\"wordcamp-image__avatar-container align-left\">\n\t\t\t<img decoding=\"async\" src=\"https:\/\/secure.gravatar.com\/avatar\/cd40be7eea2718ef2adb3d28f5c08c68dc9fec96a340cb15c7e863792fb8fa62?s=90&amp;d=mm&amp;r=g\" alt=\"Avatar de Fede Padilla\" \/>\t\t<\/div>\n\t\n\t\t\t<div class=\"wordcamp-block__item-content wordcamp-organizers__content is-full\"><p>Colaboro con la comunidad de @wpmalaga en el mundo audio visual, llevo ya 1 a\u00f1o grabando todas las charlas y dando su difusi\u00f3n con retransmisiones en directo para la gente que no puede asistir.<\/p>\n<p>Web: <a href=\"https:\/\/fedepadilla.com\/\">https:\/\/fedepadilla.com\/<\/a><br \/>Telegram: @fedepadilla<br \/>Twitter: @fedepadilla<\/p>\n<\/div>\t<\/div>\n\n<\/li><li class=\"wordcamp-post-list__post wordcamp-clearfix\">\n<div class=\"wordcamp-organizer wordcamp-organizers__post slug-frank-calderon\">\n\t<h3 class=\"wordcamp-block__item-title wordcamp-organizers__title\">Frank Calderon<\/h3>\n\t\t\t<div class=\"wordcamp-image__avatar-container align-left\">\n\t\t\t<img decoding=\"async\" src=\"https:\/\/secure.gravatar.com\/avatar\/2995b75a0e030ab0f48af0245aa12a9ebfd1a659005f185bb78b812f7015840e?s=90&amp;d=mm&amp;r=g\" alt=\"Avatar de Frank Calderon\" \/>\t\t<\/div>\n\t\n\t\t\t<div class=\"wordcamp-block__item-content wordcamp-organizers__content is-full\"><p>Desarrollador Full Stack, emprendedor y educador. Co-fundador de la comunidad de WordPress Guatemala, con m\u00e1s de 12 a\u00f1os de experiencia en Desarrollo Web.<\/p>\n<p>Web: <a href=\"https:\/\/fg.calderon.it\/\">https:\/\/fg.calderon.it\/<\/a><br \/>Twitter: @fgcalderon<\/p>\n<\/div>\t<\/div>\n\n<\/li><li class=\"wordcamp-post-list__post wordcamp-clearfix\">\n<div class=\"wordcamp-organizer wordcamp-organizers__post slug-manuel-galvan\">\n\t<h3 class=\"wordcamp-block__item-title wordcamp-organizers__title\">Juan Manuel Galv\u00e1n Rivera<\/h3>\n\t\t\t<div class=\"wordcamp-image__avatar-container align-left\">\n\t\t\t<img decoding=\"async\" src=\"https:\/\/secure.gravatar.com\/avatar\/6f0aead777b11fed875b7bf2930e2fdf3ec5438843f6b45770b2983955796655?s=90&amp;d=mm&amp;r=g\" alt=\"Avatar de Juan Manuel Galv\u00e1n Rivera\" \/>\t\t<\/div>\n\t\n\t\t\t<div class=\"wordcamp-block__item-content wordcamp-organizers__content is-full\"><p>TSU en Telem\u00e1tica, Antrop\u00f3logo Social y Especialista en Dise\u00f1o Web. Fundador de la <a rel=\"noreferrer noopener\" href=\"https:\/\/www.meetup.com\/es-ES\/WordPress-Queretaro\/\" target=\"_blank\">Comunidad WordPress Quer\u00e9taro<\/a>, Director de agencia <a rel=\"noreferrer noopener\" href=\"https:\/\/www.paginas-web.site\/\" target=\"_blank\">W3 Web M\u00e9xico<\/a>, especializados en el Desarrollo Web con plataforma WordPress focalizando la experiencia de usuario (UX), an\u00e1lisis y desarrollo de sistemas web a la medida. Con 20 a\u00f1os de experiencia asesorando y colocando a las Pymes en el mundo digital.<\/p>\n<p>Me puedes seguir en <a rel=\"noreferrer noopener\" href=\"https:\/\/twitter.com\/galvanrivera\" target=\"_blank\">Twitter<\/a>&nbsp;y <a rel=\"noreferrer noopener\" href=\"https:\/\/www.linkedin.com\/in\/galvanmanuel\/\" target=\"_blank\">LinkedIn<\/a>.&nbsp;<\/p>\n<\/div>\t<\/div>\n\n<\/li><li class=\"wordcamp-post-list__post wordcamp-clearfix\">\n<div class=\"wordcamp-organizer wordcamp-organizers__post slug-luis-miguel-climent\">\n\t<h3 class=\"wordcamp-block__item-title wordcamp-organizers__title\">Luis Miguel Climent<\/h3>\n\t\t\t<div class=\"wordcamp-image__avatar-container align-left\">\n\t\t\t<img decoding=\"async\" src=\"https:\/\/secure.gravatar.com\/avatar\/ffae7b7923d9fd048ad7538f0a0f5dcfc6ae7153e01615b55a8657a13dac3f85?s=90&amp;d=mm&amp;r=g\" alt=\"Avatar de Luis Miguel Climent\" \/>\t\t<\/div>\n\t\n\t\t\t<div class=\"wordcamp-block__item-content wordcamp-organizers__content is-full\"><p>Mitad de la vida haciendo Teatro y la otra mitad haciendo Webs. Cuando dej\u00e9 el teatro empec\u00e9 a hacer sitios web con HTML y CSS, despu\u00e9s Javascript, despu\u00e9s aprend\u00ed PHP, m\u00e1s tarde con Drupal. Desde hace 4 a\u00f1os dise\u00f1o y desarrollo s\u00f3lo con WordPress.<\/p>\n<p>Organizo la Meetup WordPres Denia, y he participado como asistente y ponente en diversas Meetups y WordCamps.<\/p>\n<p>Web: <a href=\"https:\/\/lmcliment.me\/\">https:\/\/lmcliment.me\/<\/a><br \/>Twitter: @lmcliment<\/p>\n<\/div>\t<\/div>\n\n<\/li><li class=\"wordcamp-post-list__post wordcamp-clearfix\">\n<div class=\"wordcamp-organizer wordcamp-organizers__post slug-yordan-soares\">\n\t<h3 class=\"wordcamp-block__item-title wordcamp-organizers__title\">Yordan Soares<\/h3>\n\t\t\t<div class=\"wordcamp-image__avatar-container align-left\">\n\t\t\t<img decoding=\"async\" src=\"https:\/\/secure.gravatar.com\/avatar\/c854810e0b49aa59ba86c0e670c7cc847dfc3b6cb94528b4459d2a572cea82c1?s=90&amp;d=mm&amp;r=g\" alt=\"Avatar de Yordan Soares\" \/>\t\t<\/div>\n\t\n\t\t\t<div class=\"wordcamp-block__item-content wordcamp-organizers__content is-full\"><p>Brindo soluciones web a empresas peque\u00f1as y medianas, desarrollando casi exclusivamente con WordPress.<\/p>\n<p>Participo en la comunidad como miembro activo en los equipos de soporte, WP.tv y traducci\u00f3n de Espa\u00f1a, M\u00e9xico y Venezuela. Tambi\u00e9n soy organizador del WordPress Meetup Guarenas-Guatire (Venezuela).<\/p>\n<p>Web: <a href=\"https:\/\/yordansoar.es\/\">https:\/\/yordansoar.es\/<\/a><br \/>Telegram: @YordanSoares<br \/>Twitter: @YordanSoares<\/p>\n<\/div>\t<\/div>\n\n<\/li><\/ul>","protected":false},"excerpt":{"rendered":"<p>Organizadores Voluntarios<\/p>\n","protected":false},"author":14514020,"featured_media":0,"parent":0,"menu_order":0,"comment_status":"closed","ping_status":"closed","template":"","meta":{"jetpack_post_was_ever_published":false,"footnotes":""},"class_list":["post-12","page","type-page","status-publish","hentry"],"jetpack_sharing_enabled":true,"_links":{"self":[{"href":"https:\/\/mexico.wordcamp.org\/2020\/wp-json\/wp\/v2\/pages\/12","targetHints":{"allow":["GET"]}}],"collection":[{"href":"https:\/\/mexico.wordcamp.org\/2020\/wp-json\/wp\/v2\/pages"}],"about":[{"href":"https:\/\/mexico.wordcamp.org\/2020\/wp-json\/wp\/v2\/types\/page"}],"author":[{"embeddable":true,"href":"https:\/\/mexico.wordcamp.org\/2020\/wp-json\/wp\/v2\/users\/14514020"}],"replies":[{"embeddable":true,"href":"https:\/\/mexico.wordcamp.org\/2020\/wp-json\/wp\/v2\/comments?post=12"}],"version-history":[{"count":20,"href":"https:\/\/mexico.wordcamp.org\/2020\/wp-json\/wp\/v2\/pages\/12\/revisions"}],"predecessor-version":[{"id":3157,"href":"https:\/\/mexico.wordcamp.org\/2020\/wp-json\/wp\/v2\/pages\/12\/revisions\/3157"}],"wp:attachment":[{"href":"https:\/\/mexico.wordcamp.org\/2020\/wp-json\/wp\/v2\/media?parent=12"}],"curies":[{"name":"wp","href":"https:\/\/api.w.org\/{rel}","templated":true}]}}