{"id":17,"date":"2020-06-18T08:11:55","date_gmt":"2020-06-18T13:11:55","guid":{"rendered":"https:\/\/2020.mexico.wordcamp.org\/contact\/"},"modified":"2020-11-10T16:31:09","modified_gmt":"2020-11-10T22:31:09","slug":"contacto","status":"publish","type":"page","link":"https:\/\/mexico.wordcamp.org\/2020\/contacto\/","title":{"rendered":"Contacto"},"content":{"rendered":"\n<h1 class=\"has-text-align-center wp-block-heading\">Contacto<\/h1>\n\n\n\n<div class=\"wp-block-columns is-layout-flex wp-container-core-columns-is-layout-9d6595d7 wp-block-columns-is-layout-flex\">\n<div class=\"wp-block-column is-layout-flow wp-block-column-is-layout-flow\"><div data-test='contact-form'\n\t\t\tid='contact-form-17'\n\t\t\tclass='wp-block-jetpack-contact-form-container '\n\t\t\tdata-wp-interactive='jetpack\/form' data-wp-context='{\"formId\":\"17\",\"formHash\":\"350d9bbc61aff0359ba6669dff8eb1fbb8b7e60c\",\"showErrors\":false,\"errors\":[],\"fields\":[],\"isMultiStep\":false,\"useAjax\":true,\"submissionData\":null,\"formattedSubmissionData\":[],\"submissionSuccess\":false,\"submissionError\":null,\"elementId\":\"jp-form-350d9bbc61aff0359ba6669dff8eb1fbb8b7e60c\",\"isSingleInputForm\":false}'\n\t\t\tdata-wp-watch--scroll-to-wrapper=\"callbacks.scrollToWrapper\"\n\t\t>\n<div class=\"contact-form-submission contact-form-ajax-submission\" data-wp-bind--aria-hidden=\"state.isSuccessMessageAriaHidden\" data-wp-class--submission-success=\"context.submissionSuccess\" id=\"contact-form-success-350d9bbc61aff0359ba6669dff8eb1fbb8b7e60c\" tabindex=\"-1\" aria-labelledby=\"contact-form-success-header-350d9bbc61aff0359ba6669dff8eb1fbb8b7e60c\"><p class=\"go-back-message\"><a class=\"link\" role=\"button\" tabindex=\"0\" data-wp-on--click=\"actions.goBack\" href=\"\/2020\/wp-json\/wp\/v2\/pages\/17\">\u2190 Back<\/a><\/p><h4 data-wp-bind--aria-hidden=\"state.isSuccessMessageAriaHidden\" id=\"contact-form-success-header-350d9bbc61aff0359ba6669dff8eb1fbb8b7e60c\">Tu mensaje se ha enviado<\/h4>\n\n<template data-wp-each--submission=\"context.formattedSubmissionData\">\n\t\t\t\t\t<div class=\"jetpack_forms_contact-form-success-summary\">\n\t\t\t\t\t\t<div class=\"field-name\" data-wp-text=\"context.submission.label\" data-wp-bind--hidden=\"!context.submission.label\"><\/div>\n\t\t\t\t\t\t<div class=\"field-value\" data-wp-text=\"context.submission.value\" data-wp-bind--hidden=\"!context.submission.showPlainValue\"><\/div>\n\t\t\t\t\t\t<a class=\"field-url\" data-wp-bind--href=\"context.submission.url\" data-wp-text=\"context.submission.value\" data-wp-bind--hidden=\"!context.submission.url\" target=\"_blank\" rel=\"noopener noreferrer\"><\/a>\n\t\t\t\t\t\t<div class=\"field-rating\" data-wp-bind--hidden=\"!context.submission.rating\" data-wp-watch=\"callbacks.watchRatingIcons\"><\/div>\n\t\t\t\t\t\t<div class=\"field-images\" data-wp-bind--hidden=\"!context.submission.images\">\n\t\t\t\t\t\t\t<template data-wp-each--image=\"context.submission.images\">\n\t\t\t\t\t\t\t\t<div class=\"field-image-option\" data-wp-class--is-empty=\"!context.image.src\">\n\t\t\t\t\t\t\t\t\t<figure class=\"field-image-option__image\" data-wp-class--is-empty=\"!context.image.src\">\n\t\t\t\t\t\t\t\t\t\t<img data-wp-bind--src=\"context.image.src\" data-wp-bind--hidden=\"!context.image.src\" \/>\n\t\t\t\t\t\t\t\t\t\t<img decoding=\"async\" src=\"data:image\/gif;base64,R0lGODlhAQABAAD\/ACwAAAAAAQABAAACADs=\" data-wp-bind--hidden=\"context.image.src\" \/>\n\t\t\t\t\t\t\t\t\t<\/figure>\n\t\t\t\t\t\t\t\t\t<div class=\"field-image-option__label-wrapper\">\n\t\t\t\t\t\t\t\t\t\t<span class=\"field-image-option__label-code\" data-wp-text=\"context.image.letterCode\"><\/span>\n\t\t\t\t\t\t\t\t\t\t<span class=\"field-image-option__label\" data-wp-text=\"context.image.label\" data-wp-bind--hidden=\"!context.image.label\"><\/span>\n\t\t\t\t\t\t\t\t\t<\/div>\n\t\t\t\t\t\t\t\t<\/div>\n\t\t\t\t\t\t\t<\/template>\n\t\t\t\t\t\t<\/div>\n\t\t\t\t\t\t<div class=\"field-files\" data-wp-bind--hidden=\"!context.submission.files\">\n\t\t\t\t\t\t\t<template data-wp-each--file=\"context.submission.files\">\n\t\t\t\t\t\t\t\t<div class=\"field-file\">\n\t\t\t\t\t\t\t\t\t<div class=\"field-file__thumbnail\" data-wp-style--background-image=\"context.file.previewUrl\" data-wp-style--mask-image=\"context.file.iconUrl\" data-wp-bind--hidden=\"!context.file.hasPreview\"><\/div>\n\t\t\t\t\t\t\t\t\t<svg class=\"field-file__icon\" data-wp-bind--hidden=\"context.file.hasPreview\" width=\"20\" height=\"20\" viewBox=\"0 0 24 24\" fill=\"none\" xmlns=\"http:\/\/www.w3.org\/2000\/svg\" aria-hidden=\"true\">\n\t\t\t\t\t\t\t\t\t\t<path d=\"M14 2H6C4.9 2 4 2.9 4 4V20C4 21.1 4.89 22 5.99 22H18C19.1 22 20 21.1 20 20V8L14 2ZM18 20H6V4H13V9H18V20Z\" fill=\"currentColor\"\/>\n\t\t\t\t\t\t\t\t\t<\/svg>\n\t\t\t\t\t\t\t\t\t<span class=\"field-file__name\" data-wp-text=\"context.file.name\"><\/span>\n\t\t\t\t\t\t\t\t\t<span class=\"field-file__size\" data-wp-text=\"context.file.size\"><\/span>\n\t\t\t\t\t\t\t\t<\/div>\n\t\t\t\t\t\t\t<\/template>\n\t\t\t\t\t\t<\/div>\n\t\t\t\t\t<\/div>\n\t\t\t\t<\/template><\/div><form action='https:\/\/mexico.wordcamp.org\/2020\/contacto\/'\n\t\t\t\tid='jp-form-350d9bbc61aff0359ba6669dff8eb1fbb8b7e60c'\n\t\t\t\tmethod='post'\n\t\t\t\tclass='contact-form commentsblock wp-block-jetpack-contact-form' aria-label=\"Contacto\"\n\t\t\t\tdata-wp-on--submit=\"actions.onFormSubmit\"\n\t\t\t\tdata-wp-on--reset=\"actions.onFormReset\"\n\t\t\t\tdata-wp-class--submission-success=\"context.submissionSuccess\"\n\t\t\t\tdata-wp-class--is-first-step=\"state.isFirstStep\"\n\t\t\t\tdata-wp-class--is-last-step=\"state.isLastStep\"\n\t\t\t\tdata-wp-class--is-ajax-form=\"context.useAjax\"\n\t\t\t\tnovalidate >\n<input type='hidden' name='jetpack_contact_form_jwt' value='eyJ0eXAiOiJKV1QiLCJhbGciOiJIUzI1NiJ9.eyJlbmNyeXB0ZWRfYXR0cmlidXRlcyI6IitaTUw5VUNQWk4yYmFqQnBEbXJDR0xldVlOWkU0dDQzdmE2eTlEdG0zemZQNVpjbmdhajBhZlVqV1l3Q1hENmlhakc1N3ZCemxjblZPVnIvSVpSSHluWEY3QUtHb0FVVXJtUCtqeGwwU0g4eXlPa0ZocUpUaDE0TW8wT0RMWTlqbkpCZmJNQVcvQWVETUl6ak5zZk05MTZ4aGxXZVYydlRvT1I5MDJwNi9lcFkxTTNTSFZTWUNRY1NXalVkMW5KVWxpOTdZaXIrYUtncUVjRU9sYnZGTFd6dFZtdURIZ3hUZ0QzU0R1R0pyMDdLeWpiQmp3M01FcFRlYTM0SE1FTElmMW1hbTJzYlhvVGZGTU05QU5nK1BGZ0E1ZGVrdDdiSTE1SjM0SFNQblFzMG9LKzE2VE5POThvZmpVVjlqcExISlg4QVh4NXZpYVVqYXUyZ1VFRkl6UWlTenkrWWRPeGZOTE1DdGVCVExLVUorT2FrZUYydXdVNlFuMXQ3YzdDRzdnUGp2ckQ3SlcyM2tDVFJIT3NldlluRVBQaFNLRk1wanBESm5OR3c4ZWx6UzRYSTZHQWFCZTdNc3JZcmNDSVZvUUc0YlN0K2kzUEcrVHlneFNPbjQzU0RQZ3gyNVBWMnRjRk40a21sVEJYemZMOU5GVUs0cWNxNDVaMDdnMXVNSWZqMHNDVVplYnk3SUFuYUp1Y05LYktJR2EzUEo0MEhNNFZSaVBzVzJsMWJYK05ndG9ZYkptdVpaNHVGTU9kS3lpbTJaalNreUZtN3pVNzJYeHlLbExaMnZHY1o1WFJjS2wza0ZxMWgyRUVQVnBmRTJMRmkzM2NpQWtJWnFheWZrNHlxa3M1aEl1Rzh1RzBXcUlobzJoYzFjRU1udW5kV3docXozZTNId21odFRYczhOcUV4R0N3dTdqMG1Lbytuam1WcFppMExmajBGNXVvajVPTTl2UWh5S3VHRHozSEtGUnFNelhiZU5BSnJWSmV0eWhwRk9YaXFzcmxvMEpVNDVqMWYxVGNZaCtKMTMvQmdXc1RtaTBzUTJVbjMveHE5VEtHZkk5L29GUDRyOUxkTzdNdmVvK0g2Z2gzQUVocENFcThrb0FXNzRvT1lUSFBqTWhMKzgycmlYMGJjZjBZbkF2SDdwbHQ3YzdNejBWZlRTbjFhK2QrYVpaRU93Uk1VRk4zSmtUeHptbDFxIiwiY29udGVudCI6IlxuW2NvbnRhY3QtZmllbGQgcmVxdWlyZWQ9XCIxXCIgdHlwZT1cIm5hbWVcIiBsYWJlbD1cIk5vbWJyZVwiL11cblxuW2NvbnRhY3QtZmllbGQgcmVxdWlyZWQ9XCIxXCIgdHlwZT1cImVtYWlsXCIgbGFiZWw9XCJDb3JyZW8gZWxlY3RyXHUwMGYzbmljb1wiL11cblxuW2NvbnRhY3QtZmllbGQgdHlwZT1cInRleHRhcmVhXCIgbGFiZWw9XCJNZW5zYWplXCIvXVxuXG48ZGl2IGNsYXNzPVwid3AtYmxvY2stamV0cGFjay1idXR0b24gd3AtYmxvY2stYnV0dG9uXCIgc3R5bGU9XCJcIj48YnV0dG9uIGNsYXNzPVwid3AtYmxvY2stYnV0dG9uX19saW5rXCIgc3R5bGU9XCJcIiBkYXRhLWlkLWF0dHI9XCJwbGFjZWhvbGRlclwiIHR5cGU9XCJzdWJtaXRcIiBkYXRhLXdwLWNsYXNzLS1pcy1zdWJtaXR0aW5nPVwic3RhdGUuaXNTdWJtaXR0aW5nXCIgZGF0YS13cC1iaW5kLS1hcmlhLWRpc2FibGVkPVwic3RhdGUuaXNBcmlhRGlzYWJsZWRcIj5FTlZJQVI8c3BhbiBjbGFzcz1cInNwaW5uZXJcIiBhcmlhLWhpZGRlbj1cInRydWVcIj48c3ZnIHdpZHRoPVwiMjRcIiBoZWlnaHQ9XCIyNFwiIHZpZXdCb3g9XCIwIDAgMjQgMjRcIiB4bWxucz1cImh0dHA6Ly93d3cudzMub3JnLzIwMDAvc3ZnXCI-PHBhdGggZD1cIk0xMiwxQTExLDExLDAsMSwwLDIzLDEyLDExLDExLDAsMCwwLDEyLDFabTAsMTlhOCw4LDAsMSwxLDgtOEE4LDgsMCwwLDEsMTIsMjBaXCIgb3BhY2l0eT1cIi4yNVwiLz48cGF0aCBkPVwiTTEwLjE0LDEuMTZhMTEsMTEsMCwwLDAtOSw4LjkyQTEuNTksMS41OSwwLDAsMCwyLjQ2LDEyLDEuNTIsMS41MiwwLDAsMCw0LjExLDEwLjdhOCw4LDAsMCwxLDYuNjYtNi42MUExLjQyLDEuNDIsMCwwLDAsMTIsMi42OWgwQTEuNTcsMS41NywwLDAsMCwxMC4xNCwxLjE2WlwiPjxhbmltYXRlVHJhbnNmb3JtIGF0dHJpYnV0ZU5hbWU9XCJ0cmFuc2Zvcm1cIiB0eXBlPVwicm90YXRlXCIgZHVyPVwiMC43NXNcIiB2YWx1ZXM9XCIwIDEyIDEyOzM2MCAxMiAxMlwiIHJlcGVhdENvdW50PVwiaW5kZWZpbml0ZVwiLz48L3BhdGg-PC9zdmc-PHNwYW4gY2xhc3M9XCJpcy12aXN1YWxseS1oaWRkZW5cIj5TdWJtaXR0aW5nIGZvcm08L3NwYW4-PC9zcGFuPjwvYnV0dG9uPjwvZGl2PlxuIiwiaGFzaCI6IjM1MGQ5YmJjNjFhZmYwMzU5YmE2NjY5ZGZmOGViMWZiYjhiN2U2MGMiLCJzb3VyY2UiOnsiZW50cnlfdGl0bGUiOiJDb250YWN0byIsImVudHJ5X3BhZ2UiOjEsInNvdXJjZV9pZCI6MTcsInNvdXJjZV90eXBlIjoic2luZ2xlIiwicmVxdWVzdF91cmwiOiJodHRwczovL21leGljby53b3JkY2FtcC5vcmcvMjAyMC93cC1qc29uL3dwL3YyL3BhZ2VzLzE3In0sInZlcnNpb24iOjIsImNpcGhlciI6ImFlcy0yNTYtZ2NtIn0.vlLaB3qGoJKX_mFlNNY8sp23njxfOkjdfN_BknhTLiE' \/>\n\n\n<div style=\"\"  data-wp-interactive=\"jetpack\/form\" data-wp-context='{\"fieldId\":\"g17-nombre\",\"fieldType\":\"name\",\"fieldLabel\":\"Nombre\",\"fieldValue\":\"\",\"fieldPlaceholder\":\"\",\"fieldIsRequired\":\"1\",\"fieldErrorMessage\":\"\",\"fieldExtra\":[],\"formHash\":\"350d9bbc61aff0359ba6669dff8eb1fbb8b7e60c\"}'  class='grunion-field-name-wrap grunion-field-wrap'  data-wp-init='callbacks.initializeField' data-wp-on--jetpack-form-reset='callbacks.initializeField' >\n<label\n\t\t\t\tfor='g17-nombre' class=\"grunion-field-label name\" >Nombre<span class=\"grunion-label-required\" aria-hidden=\"true\">(obligatorio)<\/span><\/label>\n<input\n\t\t\t\t\ttype='text'\n\t\t\t\t\tname='g17-nombre'\n\t\t\t\t\tid='g17-nombre'\n\t\t\t\t\tvalue=''\n\n\t\t\t\t\tdata-wp-bind--aria-invalid='state.fieldAriaInvalid'\n\t\t\t\t\tdata-wp-bind--value='state.getFieldValue'\n\t\t\t\t\taria-describedby='g17-nombre-text-error-message'\n\t\t\t\t\tdata-wp-on--input='actions.onFieldChange'\n\t\t\t\t\tdata-wp-on--blur='actions.onFieldBlur'\n\t\t\t\t\tdata-wp-class--has-value='state.hasFieldValue'\n\n\t\t\t\t\tclass='name  grunion-field' \n\t\t\t\t\trequired='true' aria-required='true'  \/>\n \n\t\t\t<div id=\"g17-nombre-text-error\" class=\"contact-form__input-error\" data-wp-class--has-errors=\"state.fieldHasErrors\">\n\t\t\t\t<span class=\"contact-form__warning-icon\" aria-hidden=\"true\">\n\t\t\t\t\t<svg width=\"16\" height=\"16\" viewBox=\"0 0 16 16\" fill=\"none\" xmlns=\"http:\/\/www.w3.org\/2000\/svg\">\n\t\t\t\t\t\t<path d=\"M8.50015 11.6402H7.50015V10.6402H8.50015V11.6402Z\" \/>\n\t\t\t\t\t\t<path d=\"M7.50015 9.64018H8.50015V6.30684H7.50015V9.64018Z\" \/>\n\t\t\t\t\t\t<path fill-rule=\"evenodd\" clip-rule=\"evenodd\" d=\"M6.98331 3.0947C7.42933 2.30177 8.57096 2.30177 9.01698 3.09469L13.8771 11.7349C14.3145 12.5126 13.7525 13.4735 12.8602 13.4735H3.14004C2.24774 13.4735 1.68575 12.5126 2.12321 11.7349L6.98331 3.0947ZM8.14541 3.58496C8.08169 3.47168 7.9186 3.47168 7.85488 3.58496L2.99478 12.2251C2.93229 12.3362 3.01257 12.4735 3.14004 12.4735H12.8602C12.9877 12.4735 13.068 12.3362 13.0055 12.2251L8.14541 3.58496Z\" \/>\n\t\t\t\t\t<\/svg>\n\t\t\t\t<\/span>\n\t\t\t\t<span data-wp-text=\"state.errorMessage\" id=\"g17-nombre-text-error-message\"><\/span>\n\t\t\t<\/div> \n\t<\/div>\n\n\n\n<div style=\"\"  data-wp-interactive=\"jetpack\/form\" data-wp-context='{\"fieldId\":\"g17-correoelectrnico\",\"fieldType\":\"email\",\"fieldLabel\":\"Correo electr\\u00f3nico\",\"fieldValue\":\"\",\"fieldPlaceholder\":\"\",\"fieldIsRequired\":\"1\",\"fieldErrorMessage\":\"\",\"fieldExtra\":[],\"formHash\":\"350d9bbc61aff0359ba6669dff8eb1fbb8b7e60c\"}'  class='grunion-field-email-wrap grunion-field-wrap'  data-wp-init='callbacks.initializeField' data-wp-on--jetpack-form-reset='callbacks.initializeField' >\n<label\n\t\t\t\tfor='g17-correoelectrnico' class=\"grunion-field-label email\" >Correo electr\u00f3nico<span class=\"grunion-label-required\" aria-hidden=\"true\">(obligatorio)<\/span><\/label>\n<input\n\t\t\t\t\ttype='email'\n\t\t\t\t\tname='g17-correoelectrnico'\n\t\t\t\t\tid='g17-correoelectrnico'\n\t\t\t\t\tvalue=''\n\n\t\t\t\t\tdata-wp-bind--aria-invalid='state.fieldAriaInvalid'\n\t\t\t\t\tdata-wp-bind--value='state.getFieldValue'\n\t\t\t\t\taria-describedby='g17-correoelectrnico-email-error-message'\n\t\t\t\t\tdata-wp-on--input='actions.onFieldChange'\n\t\t\t\t\tdata-wp-on--blur='actions.onFieldBlur'\n\t\t\t\t\tdata-wp-class--has-value='state.hasFieldValue'\n\n\t\t\t\t\tclass='email  grunion-field' \n\t\t\t\t\trequired='true' aria-required='true'  \/>\n \n\t\t\t<div id=\"g17-correoelectrnico-email-error\" class=\"contact-form__input-error\" data-wp-class--has-errors=\"state.fieldHasErrors\">\n\t\t\t\t<span class=\"contact-form__warning-icon\" aria-hidden=\"true\">\n\t\t\t\t\t<svg width=\"16\" height=\"16\" viewBox=\"0 0 16 16\" fill=\"none\" xmlns=\"http:\/\/www.w3.org\/2000\/svg\">\n\t\t\t\t\t\t<path d=\"M8.50015 11.6402H7.50015V10.6402H8.50015V11.6402Z\" \/>\n\t\t\t\t\t\t<path d=\"M7.50015 9.64018H8.50015V6.30684H7.50015V9.64018Z\" \/>\n\t\t\t\t\t\t<path fill-rule=\"evenodd\" clip-rule=\"evenodd\" d=\"M6.98331 3.0947C7.42933 2.30177 8.57096 2.30177 9.01698 3.09469L13.8771 11.7349C14.3145 12.5126 13.7525 13.4735 12.8602 13.4735H3.14004C2.24774 13.4735 1.68575 12.5126 2.12321 11.7349L6.98331 3.0947ZM8.14541 3.58496C8.08169 3.47168 7.9186 3.47168 7.85488 3.58496L2.99478 12.2251C2.93229 12.3362 3.01257 12.4735 3.14004 12.4735H12.8602C12.9877 12.4735 13.068 12.3362 13.0055 12.2251L8.14541 3.58496Z\" \/>\n\t\t\t\t\t<\/svg>\n\t\t\t\t<\/span>\n\t\t\t\t<span data-wp-text=\"state.errorMessage\" id=\"g17-correoelectrnico-email-error-message\"><\/span>\n\t\t\t<\/div> \n\t<\/div>\n\n\n\n<div style=\"\"  data-wp-interactive=\"jetpack\/form\" data-wp-context='{\"fieldId\":\"g17-mensaje\",\"fieldType\":\"textarea\",\"fieldLabel\":\"Mensaje\",\"fieldValue\":\"\",\"fieldPlaceholder\":\"\",\"fieldIsRequired\":\"\",\"fieldErrorMessage\":\"\",\"fieldExtra\":[],\"formHash\":\"350d9bbc61aff0359ba6669dff8eb1fbb8b7e60c\"}'  class='grunion-field-textarea-wrap grunion-field-wrap'  data-wp-init='callbacks.initializeField' data-wp-on--jetpack-form-reset='callbacks.initializeField' >\n<label\n\t\t\t\tfor='contact-form-comment-g17-mensaje' class=\"grunion-field-label textarea\" >Mensaje<\/label>\n<textarea\n\t\t                style=''\n\t\t                name='g17-mensaje'\n\t\t                id='contact-form-comment-g17-mensaje'\n\t\t                rows='20'\n\t\t\t\t\t\tdata-wp-text='state.getFieldValue'\n\t\t\t\t\t\tdata-wp-on--input='actions.onFieldChange'\n\t\t\t\t\t\tdata-wp-on--blur='actions.onFieldBlur'\n\t\t\t\t\t\tdata-wp-class--has-value='state.hasFieldValue'\n\t\t\t\t\t\taria-describedby='g17-mensaje-textarea-error-message'\n\t\t\t\t\t\tdata-wp-bind--aria-invalid='state.fieldAriaInvalid'\n\t\t\t\t\t\tclass='textarea  grunion-field'  ><\/textarea>\n \n\t\t\t<div id=\"g17-mensaje-textarea-error\" class=\"contact-form__input-error\" data-wp-class--has-errors=\"state.fieldHasErrors\">\n\t\t\t\t<span class=\"contact-form__warning-icon\" aria-hidden=\"true\">\n\t\t\t\t\t<svg width=\"16\" height=\"16\" viewBox=\"0 0 16 16\" fill=\"none\" xmlns=\"http:\/\/www.w3.org\/2000\/svg\">\n\t\t\t\t\t\t<path d=\"M8.50015 11.6402H7.50015V10.6402H8.50015V11.6402Z\" \/>\n\t\t\t\t\t\t<path d=\"M7.50015 9.64018H8.50015V6.30684H7.50015V9.64018Z\" \/>\n\t\t\t\t\t\t<path fill-rule=\"evenodd\" clip-rule=\"evenodd\" d=\"M6.98331 3.0947C7.42933 2.30177 8.57096 2.30177 9.01698 3.09469L13.8771 11.7349C14.3145 12.5126 13.7525 13.4735 12.8602 13.4735H3.14004C2.24774 13.4735 1.68575 12.5126 2.12321 11.7349L6.98331 3.0947ZM8.14541 3.58496C8.08169 3.47168 7.9186 3.47168 7.85488 3.58496L2.99478 12.2251C2.93229 12.3362 3.01257 12.4735 3.14004 12.4735H12.8602C12.9877 12.4735 13.068 12.3362 13.0055 12.2251L8.14541 3.58496Z\" \/>\n\t\t\t\t\t<\/svg>\n\t\t\t\t<\/span>\n\t\t\t\t<span data-wp-text=\"state.errorMessage\" id=\"g17-mensaje-textarea-error-message\"><\/span>\n\t\t\t<\/div>\n\t<\/div>\n\n\n<div class=\"contact-form__error\" data-wp-class--show-errors=\"state.showFormErrors\"><span class=\"contact-form__warning-icon\" aria-hidden=\"true\"><i><\/i><\/span><span class=\"contact-form__error-message\" tabindex=\"-1\" data-wp-watch=\"callbacks.focusOnValidationError\" data-wp-text=\"state.getFormErrorMessage\"><\/span><ul aria-label=\"Form errors\">\n\t\t\t\t<template data-wp-each=\"state.getErrorList\" data-wp-key=\"context.item.id\">\n\t\t\t\t\t<li><a data-wp-bind--href=\"context.item.anchor\" data-wp-on--click=\"actions.scrollIntoView\" data-wp-text=\"context.item.label\"><\/a><\/li>\n\t\t\t\t<\/template>\n\t\t\t\t<\/ul><\/div><div class=\"contact-form__error\" data-wp-class--show-errors=\"state.showSubmissionError\" data-wp-text=\"context.submissionError\" tabindex=\"-1\" data-wp-watch=\"callbacks.focusOnSubmissionError\"><\/div> <div class=\"wp-block-jetpack-button wp-block-button\" style=\"\"><button data-wp-bind--disabled=\"state.isAriaDisabled\" class=\"wp-block-button__link\" style=\"\" data-id-attr=\"placeholder\" type=\"submit\" data-wp-class--is-submitting=\"state.isSubmitting\" data-wp-bind--aria-disabled=\"state.isAriaDisabled\">ENVIAR<span class=\"spinner\" aria-hidden=\"true\"><svg width=\"24\" height=\"24\" viewBox=\"0 0 24 24\" xmlns=\"http:\/\/www.w3.org\/2000\/svg\"><path d=\"M12,1A11,11,0,1,0,23,12,11,11,0,0,0,12,1Zm0,19a8,8,0,1,1,8-8A8,8,0,0,1,12,20Z\" opacity=\".25\"\/><path d=\"M10.14,1.16a11,11,0,0,0-9,8.92A1.59,1.59,0,0,0,2.46,12,1.52,1.52,0,0,0,4.11,10.7a8,8,0,0,1,6.66-6.61A1.42,1.42,0,0,0,12,2.69h0A1.57,1.57,0,0,0,10.14,1.16Z\"><animateTransform attributeName=\"transform\" type=\"rotate\" dur=\"0.75s\" values=\"0 12 12;360 12 12\" repeatCount=\"indefinite\"\/><\/path><\/svg><span class=\"is-visually-hidden\">Submitting form<\/span><\/span><\/button><\/div>\n\t\t<input type='hidden' name='contact-form-id' value='17' \/>\n\t\t<input type='hidden' name='action' value='grunion-contact-form' \/>\n\t\t<input type='hidden' name='contact-form-hash' value='350d9bbc61aff0359ba6669dff8eb1fbb8b7e60c' \/>\n<p style=\"display: none !important;\" class=\"akismet-fields-container\" data-prefix=\"ak_\"><label>&#916;<textarea name=\"ak_hp_textarea\" cols=\"45\" rows=\"8\" maxlength=\"100\"><\/textarea><\/label><input type=\"hidden\" id=\"ak_js_1\" name=\"ak_js\" value=\"125\"\/><script>\ndocument.getElementById( \"ak_js_1\" ).setAttribute( \"value\", ( new Date() ).getTime() );\n<\/script>\n<\/p><\/form>\n<\/div><\/div>\n\n\n\n<div class=\"wp-block-column is-layout-flow wp-block-column-is-layout-flow\">\n<p><strong>Escr\u00edbenos:<\/strong><\/p>\n\n\n\n<p><a href=\"mailto:mexico@wordcamp.org\">mexico@wordcamp.org<\/a><\/p>\n\n\n\n<p><strong>S\u00edguenos:<\/strong><\/p>\n\n\n\n<ul class=\"wp-block-social-links is-layout-flex wp-block-social-links-is-layout-flex\">\n\n<li class=\"wp-social-link wp-social-link-facebook  wp-block-social-link\"><a href=\"https:\/\/www.facebook.com\/WordCamp-M%C3%A9xico-115153970325506\" class=\"wp-block-social-link-anchor\"><svg width=\"24\" height=\"24\" viewBox=\"0 0 24 24\" version=\"1.1\" xmlns=\"http:\/\/www.w3.org\/2000\/svg\" aria-hidden=\"true\" focusable=\"false\"><path d=\"M12 2C6.5 2 2 6.5 2 12c0 5 3.7 9.1 8.4 9.9v-7H7.9V12h2.5V9.8c0-2.5 1.5-3.9 3.8-3.9 1.1 0 2.2.2 2.2.2v2.5h-1.3c-1.2 0-1.6.8-1.6 1.6V12h2.8l-.4 2.9h-2.3v7C18.3 21.1 22 17 22 12c0-5.5-4.5-10-10-10z\"><\/path><\/svg><span class=\"wp-block-social-link-label screen-reader-text\">Facebook<\/span><\/a><\/li>\n\n<li class=\"wp-social-link wp-social-link-twitter  wp-block-social-link\"><a href=\"https:\/\/twitter.com\/wc_mexico\" class=\"wp-block-social-link-anchor\"><svg width=\"24\" height=\"24\" viewBox=\"0 0 24 24\" version=\"1.1\" xmlns=\"http:\/\/www.w3.org\/2000\/svg\" aria-hidden=\"true\" focusable=\"false\"><path d=\"M22.23,5.924c-0.736,0.326-1.527,0.547-2.357,0.646c0.847-0.508,1.498-1.312,1.804-2.27 c-0.793,0.47-1.671,0.812-2.606,0.996C18.324,4.498,17.257,4,16.077,4c-2.266,0-4.103,1.837-4.103,4.103 c0,0.322,0.036,0.635,0.106,0.935C8.67,8.867,5.647,7.234,3.623,4.751C3.27,5.357,3.067,6.062,3.067,6.814 c0,1.424,0.724,2.679,1.825,3.415c-0.673-0.021-1.305-0.206-1.859-0.513c0,0.017,0,0.034,0,0.052c0,1.988,1.414,3.647,3.292,4.023 c-0.344,0.094-0.707,0.144-1.081,0.144c-0.264,0-0.521-0.026-0.772-0.074c0.522,1.63,2.038,2.816,3.833,2.85 c-1.404,1.1-3.174,1.756-5.096,1.756c-0.331,0-0.658-0.019-0.979-0.057c1.816,1.164,3.973,1.843,6.29,1.843 c7.547,0,11.675-6.252,11.675-11.675c0-0.178-0.004-0.355-0.012-0.531C20.985,7.47,21.68,6.747,22.23,5.924z\"><\/path><\/svg><span class=\"wp-block-social-link-label screen-reader-text\">Twitter<\/span><\/a><\/li>\n\n<li class=\"wp-social-link wp-social-link-instagram  wp-block-social-link\"><a href=\"https:\/\/www.instagram.com\/wordcamp_mexico\/\" class=\"wp-block-social-link-anchor\"><svg width=\"24\" height=\"24\" viewBox=\"0 0 24 24\" version=\"1.1\" xmlns=\"http:\/\/www.w3.org\/2000\/svg\" aria-hidden=\"true\" focusable=\"false\"><path d=\"M12,4.622c2.403,0,2.688,0.009,3.637,0.052c0.877,0.04,1.354,0.187,1.671,0.31c0.42,0.163,0.72,0.358,1.035,0.673 c0.315,0.315,0.51,0.615,0.673,1.035c0.123,0.317,0.27,0.794,0.31,1.671c0.043,0.949,0.052,1.234,0.052,3.637 s-0.009,2.688-0.052,3.637c-0.04,0.877-0.187,1.354-0.31,1.671c-0.163,0.42-0.358,0.72-0.673,1.035 c-0.315,0.315-0.615,0.51-1.035,0.673c-0.317,0.123-0.794,0.27-1.671,0.31c-0.949,0.043-1.233,0.052-3.637,0.052 s-2.688-0.009-3.637-0.052c-0.877-0.04-1.354-0.187-1.671-0.31c-0.42-0.163-0.72-0.358-1.035-0.673 c-0.315-0.315-0.51-0.615-0.673-1.035c-0.123-0.317-0.27-0.794-0.31-1.671C4.631,14.688,4.622,14.403,4.622,12 s0.009-2.688,0.052-3.637c0.04-0.877,0.187-1.354,0.31-1.671c0.163-0.42,0.358-0.72,0.673-1.035 c0.315-0.315,0.615-0.51,1.035-0.673c0.317-0.123,0.794-0.27,1.671-0.31C9.312,4.631,9.597,4.622,12,4.622 M12,3 C9.556,3,9.249,3.01,8.289,3.054C7.331,3.098,6.677,3.25,6.105,3.472C5.513,3.702,5.011,4.01,4.511,4.511 c-0.5,0.5-0.808,1.002-1.038,1.594C3.25,6.677,3.098,7.331,3.054,8.289C3.01,9.249,3,9.556,3,12c0,2.444,0.01,2.751,0.054,3.711 c0.044,0.958,0.196,1.612,0.418,2.185c0.23,0.592,0.538,1.094,1.038,1.594c0.5,0.5,1.002,0.808,1.594,1.038 c0.572,0.222,1.227,0.375,2.185,0.418C9.249,20.99,9.556,21,12,21s2.751-0.01,3.711-0.054c0.958-0.044,1.612-0.196,2.185-0.418 c0.592-0.23,1.094-0.538,1.594-1.038c0.5-0.5,0.808-1.002,1.038-1.594c0.222-0.572,0.375-1.227,0.418-2.185 C20.99,14.751,21,14.444,21,12s-0.01-2.751-0.054-3.711c-0.044-0.958-0.196-1.612-0.418-2.185c-0.23-0.592-0.538-1.094-1.038-1.594 c-0.5-0.5-1.002-0.808-1.594-1.038c-0.572-0.222-1.227-0.375-2.185-0.418C14.751,3.01,14.444,3,12,3L12,3z M12,7.378 c-2.552,0-4.622,2.069-4.622,4.622S9.448,16.622,12,16.622s4.622-2.069,4.622-4.622S14.552,7.378,12,7.378z M12,15 c-1.657,0-3-1.343-3-3s1.343-3,3-3s3,1.343,3,3S13.657,15,12,15z M16.804,6.116c-0.596,0-1.08,0.484-1.08,1.08 s0.484,1.08,1.08,1.08c0.596,0,1.08-0.484,1.08-1.08S17.401,6.116,16.804,6.116z\"><\/path><\/svg><span class=\"wp-block-social-link-label screen-reader-text\">Instagram<\/span><\/a><\/li>\n\n\n\n<li class=\"wp-social-link wp-social-link-youtube  wp-block-social-link\"><a href=\"https:\/\/www.youtube.com\/channel\/UCgwnAgYnJVt6jiHnolNfz3Q?view_as=subscriber\" class=\"wp-block-social-link-anchor\"><svg width=\"24\" height=\"24\" viewBox=\"0 0 24 24\" version=\"1.1\" xmlns=\"http:\/\/www.w3.org\/2000\/svg\" aria-hidden=\"true\" focusable=\"false\"><path d=\"M21.8,8.001c0,0-0.195-1.378-0.795-1.985c-0.76-0.797-1.613-0.801-2.004-0.847c-2.799-0.202-6.997-0.202-6.997-0.202 h-0.009c0,0-4.198,0-6.997,0.202C4.608,5.216,3.756,5.22,2.995,6.016C2.395,6.623,2.2,8.001,2.2,8.001S2,9.62,2,11.238v1.517 c0,1.618,0.2,3.237,0.2,3.237s0.195,1.378,0.795,1.985c0.761,0.797,1.76,0.771,2.205,0.855c1.6,0.153,6.8,0.201,6.8,0.201 s4.203-0.006,7.001-0.209c0.391-0.047,1.243-0.051,2.004-0.847c0.6-0.607,0.795-1.985,0.795-1.985s0.2-1.618,0.2-3.237v-1.517 C22,9.62,21.8,8.001,21.8,8.001z M9.935,14.594l-0.001-5.62l5.404,2.82L9.935,14.594z\"><\/path><\/svg><span class=\"wp-block-social-link-label screen-reader-text\">YouTube<\/span><\/a><\/li><\/ul>\n<\/div>\n<\/div>\n\n\n\n<hr class=\"wp-block-separator\" \/>\n\n\n\n<div class=\"wp-block-columns is-layout-flex wp-container-core-columns-is-layout-9d6595d7 wp-block-columns-is-layout-flex\">\n<div class=\"wp-block-column is-layout-flow wp-block-column-is-layout-flow\">\n<div class=\"wp-block-group\"><div class=\"wp-block-group__inner-container is-layout-flow wp-block-group-is-layout-flow\">\n<p>Reg\u00edstrate para obtener las \u00faltimas noticias del evento o cont\u00e1ctanos si tienes alg\u00fan comentario o duda.<\/p>\n<\/div><\/div>\n<\/div>\n\n\n\n<div class=\"wp-block-column is-layout-flow wp-block-column-is-layout-flow\">\n<div class=\"wp-block-group\"><div class=\"wp-block-group__inner-container is-layout-flow wp-block-group-is-layout-flow\"><div class=\"wp-block-jetpack-subscriptions__supports-newline wp-block-jetpack-subscriptions__show-subs wp-block-jetpack-subscriptions\">\n\t\t<div>\n\t\t\t<div>\n\t\t\t\t<div>\n\t\t\t\t\t<p >\n\t\t\t\t\t\t<a href=\"https:\/\/mexico.wordcamp.org\/2020\/?post_type=page&#038;p=17\" style=\"background: #df4583;font-size: 16px;padding: 15px 23px 15px 23px;margin: 0; margin-left: 10px;border-color: #000000;border-radius: 0px;border-width: 3px;border-color: #000000; border-style: solid; text-decoration: none; white-space: nowrap; margin-left: 0\"><strong>SUSCRIBIRME \u2192<\/strong><\/a>\n\t\t\t\t\t<\/p>\n\t\t\t\t<\/div>\n\t\t\t<\/div>\n\t\t<\/div>\n\t<\/div><\/div><\/div>\n\n\n\n<p><\/p>\n<\/div>\n<\/div>\n","protected":false},"excerpt":{"rendered":"<p>Contacto Escr\u00edbenos: mexico@wordcamp.org S\u00edguenos: Reg\u00edstrate para obtener las \u00faltimas noticias del evento o cont\u00e1ctanos si tienes alg\u00fan comentario o duda.<\/p>\n","protected":false},"author":14514020,"featured_media":1504,"parent":0,"menu_order":0,"comment_status":"closed","ping_status":"closed","template":"","meta":{"jetpack_post_was_ever_published":false,"footnotes":""},"class_list":["post-17","page","type-page","status-publish","has-post-thumbnail","hentry"],"jetpack_sharing_enabled":true,"_links":{"self":[{"href":"https:\/\/mexico.wordcamp.org\/2020\/wp-json\/wp\/v2\/pages\/17","targetHints":{"allow":["GET"]}}],"collection":[{"href":"https:\/\/mexico.wordcamp.org\/2020\/wp-json\/wp\/v2\/pages"}],"about":[{"href":"https:\/\/mexico.wordcamp.org\/2020\/wp-json\/wp\/v2\/types\/page"}],"author":[{"embeddable":true,"href":"https:\/\/mexico.wordcamp.org\/2020\/wp-json\/wp\/v2\/users\/14514020"}],"replies":[{"embeddable":true,"href":"https:\/\/mexico.wordcamp.org\/2020\/wp-json\/wp\/v2\/comments?post=17"}],"version-history":[{"count":28,"href":"https:\/\/mexico.wordcamp.org\/2020\/wp-json\/wp\/v2\/pages\/17\/revisions"}],"predecessor-version":[{"id":3448,"href":"https:\/\/mexico.wordcamp.org\/2020\/wp-json\/wp\/v2\/pages\/17\/revisions\/3448"}],"wp:featuredmedia":[{"embeddable":true,"href":"https:\/\/mexico.wordcamp.org\/2020\/wp-json\/wp\/v2\/media\/1504"}],"wp:attachment":[{"href":"https:\/\/mexico.wordcamp.org\/2020\/wp-json\/wp\/v2\/media?parent=17"}],"curies":[{"name":"wp","href":"https:\/\/api.w.org\/{rel}","templated":true}]}}