{"id":19,"date":"2020-06-18T08:11:55","date_gmt":"2020-06-18T08:11:55","guid":{"rendered":"https:\/\/2020.mexico.wordcamp.org\/code-of-conduct\/"},"modified":"2020-09-27T20:01:57","modified_gmt":"2020-09-28T01:01:57","slug":"code-of-conduct","status":"publish","type":"page","link":"https:\/\/mexico.wordcamp.org\/2020\/code-of-conduct\/","title":{"rendered":"C\u00f3digo de Conducta"},"content":{"rendered":"\n<ol class=\"wp-block-list\"><li> <h3>Prop\u00f3sito<\/h3>WordCamp M\u00e9xico 2020 cree en una comunidad abierta a todo el mundo. Como tal, estamos comprometidos a proporcionar un ambiente amigable, seguro y acogedor para todos independientemente de su sexo, orientaci\u00f3n sexual, discapacidad, etnia, religi\u00f3n, sistema operativo preferido, lenguaje de programaci\u00f3n o editor de texto. <p>Este c\u00f3digo de conducta resume nuestras expectativas para el comportamiento de los participantes, as\u00ed como las consecuencias para el comportamiento inaceptable.<\/p> <p>Instamos a todos los patrocinadores, voluntarios, conferencistas, miembros y otros participantes para ayudar a tener una experiencia de evento segura y agradable para todos.<\/p> <\/li><li> <h3>Open Source Citizenship<\/h3> <p>Un objetivo adicional de este c\u00f3digo de conducta es incrementar la implementaci\u00f3n de c\u00f3digo abierto alentando a los participantes a reconocer y fortalecer las relaciones entre lo que hacemos y la comunidad en general.<\/p> <p>Al servicio de este objetivo, los organizadores de WordCamp M\u00e9xico 2020 aceptar\u00e1n nominaciones para ciudadanos ejemplares durante todo el evento y reconocer\u00e1n a participantes seleccionados despu\u00e9s de la conferencia en el sitio web.<\/p> <p>Si ve a alguien que est\u00e1 haciendo un esfuerzo adicional para garantizar que nuestra comunidad sea acogedora, amigable y aliente a todos los participantes a contribuir en la mayor medida posible, queremos saberlo.<\/p> <\/li><li> <h3>Comportamiento esperado<span style=\", serif;letter-spacing: normal;font-size: 21px\"> <\/span><\/h3><ul><li>Se considerado, respetuoso y colaborador.<\/li><li>Abstente de comportamientos y expresiones degradantes, discriminatorias o acosadoras.<\/li><li>Se consciente de tu entorno y de tus compa\u00f1eros participantes. Avisa a los organizadores de la conferencia si notas una situaci\u00f3n peligrosa o alguien en peligro.<\/li><li>Participa de forma aut\u00e9ntica y activa. Al hacerlo, ayudas a crear WordCamp M\u00e9xico 2020  y hacerlo tuyo. <\/li><\/ul><\/li><li> <h3>Comportamiento inaceptable<span style=\", serif;letter-spacing: normal;font-size: 21px\"> <\/span><\/h3><p>Los comportamientos inaceptables incluyen: conducta intimidante, acosadora, abusiva, discriminatoria, despectiva o degradante por parte de los asistentes a WordCamp M\u00e9xico 2020 y eventos relacionados. Todos los lugares de WordCamp M\u00e9xico 2020 se pueden compartir con miembros del p\u00fablico; se respetuoso con todos los usuarios de estos lugares.<\/p> <p>El acoso incluye: comentarios verbales ofensivos relacionados con el g\u00e9nero, orientaci\u00f3n sexual, raza, religi\u00f3n, discapacidad; uso inapropiado de desnudez y\/o im\u00e1genes sexuales en espacios p\u00fablicos (incluyendo diapositivas de presentaci\u00f3n); intimidaci\u00f3n deliberada, acecho o seguimiento; acosar fotograf\u00edas o grabaciones; interrupci\u00f3n sostenida de conversaciones u otros eventos; contacto f\u00edsico inapropiado y atenci\u00f3n sexual no deseada.<\/p> <\/li><li> <h3>Consecuencias de un comportamiento inaceptable<span style=\", serif;letter-spacing: normal;font-size: 21px\"> <\/span><\/h3><p>No se tolerar\u00e1 el comportamiento inaceptable, ya sea por parte de otros asistentes, organizadores, personal del lugar, patrocinadores u otros patrocinadores de los lugares de WordCamp M\u00e9xico 2020.<\/p> <p>Se espera que cualquier persona a la que se le pida que detenga un comportamiento inaceptable lo cumpla de inmediato.<\/p> <p>Si un participante se comporta de manera inaceptable, los organizadores de la conferencia pueden tomar cualquier acci\u00f3n que consideren apropiada, hasta e incluyendo la expulsi\u00f3n de la conferencia sin advertencia.<\/p> <\/li><li> <h3>\u00bfQu\u00e9 hacer si eres testigo u objeto de un comportamiento inaceptable?<span style=\", serif;letter-spacing: normal;font-size: 21px\"> <\/span><\/h3><p>Si est\u00e1s sujeto a un comportamiento inaceptable, notas que alguien m\u00e1s est\u00e1 sujeto a un comportamiento inaceptable o tienes alguna otra inquietud, notifica al organizador de la conferencia lo antes posible.<\/p> <p>El equipo de WordCamp M\u00e9xico 2020 estar\u00e1 disponible para ayudar a los participantes. Cualquier voluntario puede ponerte en contacto con un organizador de la conferencia.<\/p> <\/li><li> <h3>Alcance<\/h3> <p>Esperamos que todos los participantes de la conferencia (patrocinadores, voluntarios, ponentes, asistentes y otros invitados) cumplan con este c\u00f3digo de conducta en todos los lugares de la conferencia y eventos sociales relacionados con la conferencia.<\/p> <\/li><li> <h3>Informaci\u00f3n de contacto<span style=\", serif;letter-spacing: normal;font-size: 21px\"> <\/span><\/h3> Si te ves en la necesidad de contactar con nosotros al correo <a href=\"mailto:mexico@wordcamp.org\">mexico@wordcamp.org<\/a> o en la p\u00e1gina  <a href=\"https:\/\/mexico.wordcamp.org\/2020\/contacto\/\">https:\/\/mexico.wordcamp.org\/2020\/contacto\/<\/a><\/li><li> <h3>Licencia y atribuci\u00f3n<span style=\", serif;letter-spacing: normal;font-size: 21px\"> <\/span><\/h3><p>Este C\u00f3digo de conducta es un pasaje directo del incre\u00edble trabajo de Open Source Bridge, pero con la informaci\u00f3n de nuestro evento sustituida. El original est\u00e1 disponible en http:\/\/opensourcebridge.org\/about\/code-of-conduct\/ y se publica bajo una licencia Creative Commons Attribution-ShareAlike.<\/p> <\/li><\/ol>\n","protected":false},"excerpt":{"rendered":"<p>Prop\u00f3sito WordCamp M\u00e9xico 2020 cree en una comunidad abierta a todo el mundo. Como tal, estamos comprometidos a proporcionar un ambiente amigable, seguro y acogedor para todos independientemente de su sexo, orientaci\u00f3n sexual, discapacidad, etnia, religi\u00f3n, sistema operativo preferido, lenguaje de programaci\u00f3n o editor de texto. Este c\u00f3digo de conducta resume nuestras expectativas para el [&hellip;]<\/p>\n","protected":false},"author":14536666,"featured_media":0,"parent":0,"menu_order":0,"comment_status":"closed","ping_status":"closed","template":"","meta":{"jetpack_post_was_ever_published":false,"footnotes":""},"class_list":["post-19","page","type-page","status-publish","hentry"],"jetpack_sharing_enabled":true,"_links":{"self":[{"href":"https:\/\/mexico.wordcamp.org\/2020\/wp-json\/wp\/v2\/pages\/19","targetHints":{"allow":["GET"]}}],"collection":[{"href":"https:\/\/mexico.wordcamp.org\/2020\/wp-json\/wp\/v2\/pages"}],"about":[{"href":"https:\/\/mexico.wordcamp.org\/2020\/wp-json\/wp\/v2\/types\/page"}],"author":[{"embeddable":true,"href":"https:\/\/mexico.wordcamp.org\/2020\/wp-json\/wp\/v2\/users\/14536666"}],"replies":[{"embeddable":true,"href":"https:\/\/mexico.wordcamp.org\/2020\/wp-json\/wp\/v2\/comments?post=19"}],"version-history":[{"count":3,"href":"https:\/\/mexico.wordcamp.org\/2020\/wp-json\/wp\/v2\/pages\/19\/revisions"}],"predecessor-version":[{"id":1691,"href":"https:\/\/mexico.wordcamp.org\/2020\/wp-json\/wp\/v2\/pages\/19\/revisions\/1691"}],"wp:attachment":[{"href":"https:\/\/mexico.wordcamp.org\/2020\/wp-json\/wp\/v2\/media?parent=19"}],"curies":[{"name":"wp","href":"https:\/\/api.w.org\/{rel}","templated":true}]}}